{"id":876,"date":"2019-10-24T15:14:19","date_gmt":"2019-10-24T13:14:19","guid":{"rendered":"https:\/\/www.gardelux.ee\/?page_id=876"},"modified":"2020-05-31T22:58:03","modified_gmt":"2020-05-31T20:58:03","slug":"liuguksed","status":"publish","type":"page","link":"https:\/\/www.gardelux.ee\/en\/liuguksed\/","title":{"rendered":"Sliding doors"},"content":{"rendered":"<div data-elementor-type=\"wp-post\" data-elementor-id=\"876\" class=\"elementor elementor-876\">\n\t\t\t\t\t\t<section class=\"elementor-section elementor-top-section elementor-element elementor-element-51ff63d elementor-section-boxed elementor-section-height-default elementor-section-height-default\" data-id=\"51ff63d\" data-element_type=\"section\" data-settings=\"{&quot;background_background&quot;:&quot;classic&quot;}\">\n\t\t\t\t\t\t\t<div class=\"elementor-background-overlay\"><\/div>\n\t\t\t\t\t\t\t<div class=\"elementor-container elementor-column-gap-default\">\n\t\t\t\t\t<div class=\"elementor-column elementor-col-100 elementor-top-column elementor-element elementor-element-8cbb510\" data-id=\"8cbb510\" data-element_type=\"column\">\n\t\t\t<div class=\"elementor-widget-wrap elementor-element-populated\">\n\t\t\t\t\t\t<section class=\"elementor-section elementor-inner-section elementor-element elementor-element-e16da27 elementor-section-boxed elementor-section-height-default elementor-section-height-default\" data-id=\"e16da27\" data-element_type=\"section\">\n\t\t\t\t\t\t<div class=\"elementor-container elementor-column-gap-default\">\n\t\t\t\t\t<div class=\"elementor-column elementor-col-50 elementor-inner-column elementor-element elementor-element-3f2e334\" data-id=\"3f2e334\" data-element_type=\"column\">\n\t\t\t<div class=\"elementor-widget-wrap elementor-element-populated\">\n\t\t\t\t\t\t<div class=\"elementor-element elementor-element-f7b2128 elementor-align-center elementor-list-item-link-full_width elementor-widget elementor-widget-icon-list\" data-id=\"f7b2128\" data-element_type=\"widget\" data-widget_type=\"icon-list.default\">\n\t\t\t\t<div class=\"elementor-widget-container\">\n\t\t\t\t\t<ul class=\"elementor-icon-list-items\">\n\t\t\t\t\t\t\t<li class=\"elementor-icon-list-item\">\n\t\t\t\t\t\t\t\t\t\t\t<a href=\"https:\/\/www.gardelux.ee\/en\/garderoobid\/\">\n\n\t\t\t\t\t\t\t\t\t\t\t<span class=\"elementor-icon-list-text\">Wardrobes<\/span>\n\t\t\t\t\t\t\t\t\t\t\t<\/a>\n\t\t\t\t\t\t\t\t\t<\/li>\n\t\t\t\t\t\t\t\t<li class=\"elementor-icon-list-item\">\n\t\t\t\t\t\t\t\t\t\t\t<a href=\"https:\/\/www.gardelux.ee\/en\/eritellimus-tood\/\">\n\n\t\t\t\t\t\t\t\t\t\t\t<span class=\"elementor-icon-list-text\">Custom-made furniture<\/span>\n\t\t\t\t\t\t\t\t\t\t\t<\/a>\n\t\t\t\t\t\t\t\t\t<\/li>\n\t\t\t\t\t\t<\/ul>\n\t\t\t\t<\/div>\n\t\t\t\t<\/div>\n\t\t\t\t\t<\/div>\n\t\t<\/div>\n\t\t\t\t<div class=\"elementor-column elementor-col-50 elementor-inner-column elementor-element elementor-element-41ce660\" data-id=\"41ce660\" data-element_type=\"column\">\n\t\t\t<div class=\"elementor-widget-wrap elementor-element-populated\">\n\t\t\t\t\t\t<div class=\"elementor-element elementor-element-a12e9a5 elementor-widget elementor-widget-text-editor\" data-id=\"a12e9a5\" data-element_type=\"widget\" data-widget_type=\"text-editor.default\">\n\t\t\t\t<div class=\"elementor-widget-container\">\n\t\t\t\t\t\t\t<h3 style=\"text-align: center;\"><span style=\"color: #333333;\">Sliding doors<\/span><\/h3><div><span style=\"color: #333333;\">\u00a0<\/span><\/div><p><span style=\"font-size: 16px;\">We manufacture various sliding doors according to the customer's wishes. There are three types of doors to choose from:<\/span><\/p><ul><li><span style=\"font-size: 16px;\">Aluminum frame doors\u00a0<\/span><\/li><li><span style=\"font-size: 16px;\">Strictly aka tile doors\u00a0<\/span><\/li><li><span style=\"font-size: 16px;\">With melamine frame - so called Paron doors<\/span><\/li><\/ul><p>We have 5 different types of aluminum frames, the basic colors of which are silver, gold, white, black, bronze and brushed steel. All profiles can also be painted according to\u00a0<a href=\"https:\/\/en.wikipedia.org\/wiki\/List_of_RAL_colors\" target=\"_blank\" rel=\"noopener\">RAL<\/a>\u00a0codes as desired.<\/p><p><img fetchpriority=\"high\" decoding=\"async\" class=\"size-medium wp-image-1031 alignleft\" src=\"https:\/\/www.gardelux.ee\/wp-content\/uploads\/2020\/05\/DSC_1841-200x300.jpg\" alt=\"Liuguksed\" width=\"200\" height=\"300\" srcset=\"https:\/\/www.gardelux.ee\/wp-content\/uploads\/2020\/05\/DSC_1841-200x300.jpg 200w, https:\/\/www.gardelux.ee\/wp-content\/uploads\/2020\/05\/DSC_1841-683x1024.jpg 683w, https:\/\/www.gardelux.ee\/wp-content\/uploads\/2020\/05\/DSC_1841-768x1152.jpg 768w, https:\/\/www.gardelux.ee\/wp-content\/uploads\/2020\/05\/DSC_1841-1024x1536.jpg 1024w, https:\/\/www.gardelux.ee\/wp-content\/uploads\/2020\/05\/DSC_1841-1365x2048.jpg 1365w, https:\/\/www.gardelux.ee\/wp-content\/uploads\/2020\/05\/DSC_1841-scaled.jpg 1707w\" sizes=\"(max-width: 200px) 100vw, 200px\" \/><\/p><p>As with wardrobes, the choice of door material is very large. In addition to different tiles, there are also different mirrors (eg clear, bronze), glasses (eg opal, painted), photo glasses, etc. All materials can be combined - make a so-called divided doors (both vertical and horizontal divisions).<\/p><p>Sliding doors can also be used to divide a room - either with double-sided doors or with hanging so-called barn doors.\u00a0<\/p><p>Get in touch with us and we will help you implement your idea.<\/p>\t\t\t\t\t\t<\/div>\n\t\t\t\t<\/div>\n\t\t\t\t<div class=\"elementor-element elementor-element-7e0e599 elementor-align-left elementor-button-info elementor-mobile-align-center elementor-invisible elementor-widget elementor-widget-button\" data-id=\"7e0e599\" data-element_type=\"widget\" data-settings=\"{&quot;_animation&quot;:&quot;fadeInDown&quot;}\" data-widget_type=\"button.default\">\n\t\t\t\t<div class=\"elementor-widget-container\">\n\t\t\t\t\t<div class=\"elementor-button-wrapper\">\n\t\t\t<a class=\"elementor-button elementor-button-link elementor-size-sm\" href=\"https:\/\/www.gardelux.ee\/en\/kontakt\/\">\n\t\t\t\t\t\t<span class=\"elementor-button-content-wrapper\">\n\t\t\t\t\t\t\t\t\t<span class=\"elementor-button-text\">Ask for offer<\/span>\n\t\t\t\t\t<\/span>\n\t\t\t\t\t<\/a>\n\t\t<\/div>\n\t\t\t\t<\/div>\n\t\t\t\t<\/div>\n\t\t\t\t\t<\/div>\n\t\t<\/div>\n\t\t\t\t\t<\/div>\n\t\t<\/section>\n\t\t\t\t\t<\/div>\n\t\t<\/div>\n\t\t\t\t\t<\/div>\n\t\t<\/section>\n\t\t\t\t<\/div>","protected":false},"excerpt":{"rendered":"<p>Garderoobid Eritellimusm\u00f6\u00f6bel LIUGUKSED \u00a0 Me valmistame vastavalt kliendi soovidele erinevaid liuguksi. Valikus on kolme t\u00fc\u00fcpi uksi: Alumiinium raamiga uksed\u00a0 Strictly ehk plaatuksed\u00a0 Melamiinraamiga nn. Paron uksed. Alumiinium raame on meil saadaval 5. erinevat t\u00fc\u00fcpi, mille p\u00f5hi v\u00e4rvideks on h\u00f5bedane, kuldne, valge, must, pronks ja harjatud teras. K\u00f5iki profiile on v\u00f5imalik ka vastavalt soovile\u00a0RAL\u00a0koodide alusel v\u00e4rvida. [&hellip;]<\/p>","protected":false},"author":1,"featured_media":0,"parent":0,"menu_order":0,"comment_status":"closed","ping_status":"closed","template":"","meta":{"_monsterinsights_skip_tracking":false,"_monsterinsights_sitenote_active":false,"_monsterinsights_sitenote_note":"","_monsterinsights_sitenote_category":0,"site-sidebar-layout":"no-sidebar","site-content-layout":"page-builder","ast-site-content-layout":"","site-content-style":"default","site-sidebar-style":"default","ast-global-header-display":"","ast-banner-title-visibility":"","ast-main-header-display":"","ast-hfb-above-header-display":"","ast-hfb-below-header-display":"","ast-hfb-mobile-header-display":"","site-post-title":"disabled","ast-breadcrumbs-content":"","ast-featured-img":"disabled","footer-sml-layout":"disabled","theme-transparent-header-meta":"disabled","adv-header-id-meta":"","stick-header-meta":"","header-above-stick-meta":"","header-main-stick-meta":"","header-below-stick-meta":"","astra-migrate-meta-layouts":"default","ast-page-background-enabled":"default","ast-page-background-meta":{"desktop":{"background-color":"var(--ast-global-color-4)","background-image":"","background-repeat":"repeat","background-position":"center center","background-size":"auto","background-attachment":"scroll","background-type":"","background-media":"","overlay-type":"","overlay-color":"","overlay-opacity":"","overlay-gradient":""},"tablet":{"background-color":"","background-image":"","background-repeat":"repeat","background-position":"center center","background-size":"auto","background-attachment":"scroll","background-type":"","background-media":"","overlay-type":"","overlay-color":"","overlay-opacity":"","overlay-gradient":""},"mobile":{"background-color":"","background-image":"","background-repeat":"repeat","background-position":"center center","background-size":"auto","background-attachment":"scroll","background-type":"","background-media":"","overlay-type":"","overlay-color":"","overlay-opacity":"","overlay-gradient":""}},"ast-content-background-meta":{"desktop":{"background-color":"var(--ast-global-color-5)","background-image":"","background-repeat":"repeat","background-position":"center center","background-size":"auto","background-attachment":"scroll","background-type":"","background-media":"","overlay-type":"","overlay-color":"","overlay-opacity":"","overlay-gradient":""},"tablet":{"background-color":"var(--ast-global-color-5)","background-image":"","background-repeat":"repeat","background-position":"center center","background-size":"auto","background-attachment":"scroll","background-type":"","background-media":"","overlay-type":"","overlay-color":"","overlay-opacity":"","overlay-gradient":""},"mobile":{"background-color":"var(--ast-global-color-5)","background-image":"","background-repeat":"repeat","background-position":"center center","background-size":"auto","background-attachment":"scroll","background-type":"","background-media":"","overlay-type":"","overlay-color":"","overlay-opacity":"","overlay-gradient":""}},"footnotes":""},"class_list":["post-876","page","type-page","status-publish","hentry"],"yoast_head":"<!-- This site is optimized with the Yoast SEO plugin v23.3 - https:\/\/yoast.com\/wordpress\/plugins\/seo\/ -->\n<title>Liuguksed | Gardelux -garderoobid, liuguksed ja eritellimusm\u00f6\u00f6bel<\/title>\n<meta name=\"description\" content=\"Me valmistame vastavalt kliendi soovidele erinevaid liuguksi. Valikus on kolme t\u00fc\u00fcpi uksi: alumiinium raamiga, plaatuksed ja melamiinraamiga nn.Paron uksed.\" \/>\n<meta name=\"robots\" content=\"index, follow, max-snippet:-1, max-image-preview:large, max-video-preview:-1\" \/>\n<link rel=\"canonical\" href=\"https:\/\/www.gardelux.ee\/en\/liuguksed\/\" \/>\n<meta property=\"og:locale\" content=\"en_GB\" \/>\n<meta property=\"og:type\" content=\"article\" \/>\n<meta property=\"og:title\" content=\"Liuguksed | Gardelux -garderoobid, liuguksed ja eritellimusm\u00f6\u00f6bel\" \/>\n<meta property=\"og:description\" content=\"Me valmistame vastavalt kliendi soovidele erinevaid liuguksi. Valikus on kolme t\u00fc\u00fcpi uksi: alumiinium raamiga, plaatuksed ja melamiinraamiga nn.Paron uksed.\" \/>\n<meta property=\"og:url\" content=\"https:\/\/www.gardelux.ee\/en\/liuguksed\/\" \/>\n<meta property=\"og:site_name\" content=\"Gardelux\" \/>\n<meta property=\"article:modified_time\" content=\"2020-05-31T20:58:03+00:00\" \/>\n<meta property=\"og:image\" content=\"https:\/\/www.gardelux.ee\/wp-content\/uploads\/2020\/05\/DSC_1841-200x300.jpg\" \/>\n<meta name=\"twitter:card\" content=\"summary_large_image\" \/>\n<meta name=\"twitter:label1\" content=\"Estimated reading time\" \/>\n\t<meta name=\"twitter:data1\" content=\"1 minute\" \/>\n<script type=\"application\/ld+json\" class=\"yoast-schema-graph\">{\"@context\":\"https:\/\/schema.org\",\"@graph\":[{\"@type\":\"WebPage\",\"@id\":\"https:\/\/www.gardelux.ee\/liuguksed\/\",\"url\":\"https:\/\/www.gardelux.ee\/liuguksed\/\",\"name\":\"Liuguksed | Gardelux -garderoobid, liuguksed ja eritellimusm\u00f6\u00f6bel\",\"isPartOf\":{\"@id\":\"https:\/\/www.gardelux.ee\/#website\"},\"primaryImageOfPage\":{\"@id\":\"https:\/\/www.gardelux.ee\/liuguksed\/#primaryimage\"},\"image\":{\"@id\":\"https:\/\/www.gardelux.ee\/liuguksed\/#primaryimage\"},\"thumbnailUrl\":\"https:\/\/www.gardelux.ee\/wp-content\/uploads\/2020\/05\/DSC_1841-200x300.jpg\",\"datePublished\":\"2019-10-24T13:14:19+00:00\",\"dateModified\":\"2020-05-31T20:58:03+00:00\",\"description\":\"Me valmistame vastavalt kliendi soovidele erinevaid liuguksi. Valikus on kolme t\u00fc\u00fcpi uksi: alumiinium raamiga, plaatuksed ja melamiinraamiga nn.Paron uksed.\",\"breadcrumb\":{\"@id\":\"https:\/\/www.gardelux.ee\/liuguksed\/#breadcrumb\"},\"inLanguage\":\"en-GB\",\"potentialAction\":[{\"@type\":\"ReadAction\",\"target\":[\"https:\/\/www.gardelux.ee\/liuguksed\/\"]}]},{\"@type\":\"ImageObject\",\"inLanguage\":\"en-GB\",\"@id\":\"https:\/\/www.gardelux.ee\/liuguksed\/#primaryimage\",\"url\":\"https:\/\/www.gardelux.ee\/wp-content\/uploads\/2020\/05\/DSC_1841-200x300.jpg\",\"contentUrl\":\"https:\/\/www.gardelux.ee\/wp-content\/uploads\/2020\/05\/DSC_1841-200x300.jpg\"},{\"@type\":\"BreadcrumbList\",\"@id\":\"https:\/\/www.gardelux.ee\/liuguksed\/#breadcrumb\",\"itemListElement\":[{\"@type\":\"ListItem\",\"position\":1,\"name\":\"Avaleht\",\"item\":\"https:\/\/www.gardelux.ee\/\"},{\"@type\":\"ListItem\",\"position\":2,\"name\":\"Liuguksed\"}]},{\"@type\":\"WebSite\",\"@id\":\"https:\/\/www.gardelux.ee\/#website\",\"url\":\"https:\/\/www.gardelux.ee\/\",\"name\":\"Gardelux\",\"description\":\"\",\"publisher\":{\"@id\":\"https:\/\/www.gardelux.ee\/#organization\"},\"potentialAction\":[{\"@type\":\"SearchAction\",\"target\":{\"@type\":\"EntryPoint\",\"urlTemplate\":\"https:\/\/www.gardelux.ee\/?s={search_term_string}\"},\"query-input\":\"required name=search_term_string\"}],\"inLanguage\":\"en-GB\"},{\"@type\":\"Organization\",\"@id\":\"https:\/\/www.gardelux.ee\/#organization\",\"name\":\"Gardelux O\u00dc\",\"url\":\"https:\/\/www.gardelux.ee\/\",\"logo\":{\"@type\":\"ImageObject\",\"inLanguage\":\"en-GB\",\"@id\":\"https:\/\/www.gardelux.ee\/#\/schema\/logo\/image\/\",\"url\":\"https:\/\/www.gardelux.ee\/wp-content\/uploads\/2019\/08\/LOGO.jpg\",\"contentUrl\":\"https:\/\/www.gardelux.ee\/wp-content\/uploads\/2019\/08\/LOGO.jpg\",\"width\":1739,\"height\":2120,\"caption\":\"Gardelux O\u00dc\"},\"image\":{\"@id\":\"https:\/\/www.gardelux.ee\/#\/schema\/logo\/image\/\"}}]}<\/script>\n<!-- \/ Yoast SEO plugin. -->","yoast_head_json":{"title":"Liuguksed | Gardelux -garderoobid, liuguksed ja eritellimusm\u00f6\u00f6bel","description":"Me valmistame vastavalt kliendi soovidele erinevaid liuguksi. Valikus on kolme t\u00fc\u00fcpi uksi: alumiinium raamiga, plaatuksed ja melamiinraamiga nn.Paron uksed.","robots":{"index":"index","follow":"follow","max-snippet":"max-snippet:-1","max-image-preview":"max-image-preview:large","max-video-preview":"max-video-preview:-1"},"canonical":"https:\/\/www.gardelux.ee\/en\/liuguksed\/","og_locale":"en_GB","og_type":"article","og_title":"Liuguksed | Gardelux -garderoobid, liuguksed ja eritellimusm\u00f6\u00f6bel","og_description":"Me valmistame vastavalt kliendi soovidele erinevaid liuguksi. Valikus on kolme t\u00fc\u00fcpi uksi: alumiinium raamiga, plaatuksed ja melamiinraamiga nn.Paron uksed.","og_url":"https:\/\/www.gardelux.ee\/en\/liuguksed\/","og_site_name":"Gardelux","article_modified_time":"2020-05-31T20:58:03+00:00","og_image":[{"url":"https:\/\/www.gardelux.ee\/wp-content\/uploads\/2020\/05\/DSC_1841-200x300.jpg"}],"twitter_card":"summary_large_image","twitter_misc":{"Estimated reading time":"1 minute"},"schema":{"@context":"https:\/\/schema.org","@graph":[{"@type":"WebPage","@id":"https:\/\/www.gardelux.ee\/liuguksed\/","url":"https:\/\/www.gardelux.ee\/liuguksed\/","name":"Liuguksed | Gardelux -garderoobid, liuguksed ja eritellimusm\u00f6\u00f6bel","isPartOf":{"@id":"https:\/\/www.gardelux.ee\/#website"},"primaryImageOfPage":{"@id":"https:\/\/www.gardelux.ee\/liuguksed\/#primaryimage"},"image":{"@id":"https:\/\/www.gardelux.ee\/liuguksed\/#primaryimage"},"thumbnailUrl":"https:\/\/www.gardelux.ee\/wp-content\/uploads\/2020\/05\/DSC_1841-200x300.jpg","datePublished":"2019-10-24T13:14:19+00:00","dateModified":"2020-05-31T20:58:03+00:00","description":"Me valmistame vastavalt kliendi soovidele erinevaid liuguksi. Valikus on kolme t\u00fc\u00fcpi uksi: alumiinium raamiga, plaatuksed ja melamiinraamiga nn.Paron uksed.","breadcrumb":{"@id":"https:\/\/www.gardelux.ee\/liuguksed\/#breadcrumb"},"inLanguage":"en-GB","potentialAction":[{"@type":"ReadAction","target":["https:\/\/www.gardelux.ee\/liuguksed\/"]}]},{"@type":"ImageObject","inLanguage":"en-GB","@id":"https:\/\/www.gardelux.ee\/liuguksed\/#primaryimage","url":"https:\/\/www.gardelux.ee\/wp-content\/uploads\/2020\/05\/DSC_1841-200x300.jpg","contentUrl":"https:\/\/www.gardelux.ee\/wp-content\/uploads\/2020\/05\/DSC_1841-200x300.jpg"},{"@type":"BreadcrumbList","@id":"https:\/\/www.gardelux.ee\/liuguksed\/#breadcrumb","itemListElement":[{"@type":"ListItem","position":1,"name":"Avaleht","item":"https:\/\/www.gardelux.ee\/"},{"@type":"ListItem","position":2,"name":"Liuguksed"}]},{"@type":"WebSite","@id":"https:\/\/www.gardelux.ee\/#website","url":"https:\/\/www.gardelux.ee\/","name":"Gardelux","description":"","publisher":{"@id":"https:\/\/www.gardelux.ee\/#organization"},"potentialAction":[{"@type":"SearchAction","target":{"@type":"EntryPoint","urlTemplate":"https:\/\/www.gardelux.ee\/?s={search_term_string}"},"query-input":"required name=search_term_string"}],"inLanguage":"en-GB"},{"@type":"Organization","@id":"https:\/\/www.gardelux.ee\/#organization","name":"Gardelux O\u00dc","url":"https:\/\/www.gardelux.ee\/","logo":{"@type":"ImageObject","inLanguage":"en-GB","@id":"https:\/\/www.gardelux.ee\/#\/schema\/logo\/image\/","url":"https:\/\/www.gardelux.ee\/wp-content\/uploads\/2019\/08\/LOGO.jpg","contentUrl":"https:\/\/www.gardelux.ee\/wp-content\/uploads\/2019\/08\/LOGO.jpg","width":1739,"height":2120,"caption":"Gardelux O\u00dc"},"image":{"@id":"https:\/\/www.gardelux.ee\/#\/schema\/logo\/image\/"}}]}},"_links":{"self":[{"href":"https:\/\/www.gardelux.ee\/en\/wp-json\/wp\/v2\/pages\/876","targetHints":{"allow":["GET"]}}],"collection":[{"href":"https:\/\/www.gardelux.ee\/en\/wp-json\/wp\/v2\/pages"}],"about":[{"href":"https:\/\/www.gardelux.ee\/en\/wp-json\/wp\/v2\/types\/page"}],"author":[{"embeddable":true,"href":"https:\/\/www.gardelux.ee\/en\/wp-json\/wp\/v2\/users\/1"}],"replies":[{"embeddable":true,"href":"https:\/\/www.gardelux.ee\/en\/wp-json\/wp\/v2\/comments?post=876"}],"version-history":[{"count":20,"href":"https:\/\/www.gardelux.ee\/en\/wp-json\/wp\/v2\/pages\/876\/revisions"}],"predecessor-version":[{"id":1212,"href":"https:\/\/www.gardelux.ee\/en\/wp-json\/wp\/v2\/pages\/876\/revisions\/1212"}],"wp:attachment":[{"href":"https:\/\/www.gardelux.ee\/en\/wp-json\/wp\/v2\/media?parent=876"}],"curies":[{"name":"wp","href":"https:\/\/api.w.org\/{rel}","templated":true}]}}