{"id":699,"date":"2019-09-01T20:22:31","date_gmt":"2019-09-01T18:22:31","guid":{"rendered":"https:\/\/www.gardelux.ee\/?page_id=699"},"modified":"2020-06-05T11:19:53","modified_gmt":"2020-06-05T09:19:53","slug":"eritellimus-tood","status":"publish","type":"page","link":"https:\/\/www.gardelux.ee\/en\/eritellimus-tood\/","title":{"rendered":"Eritellimust\u00f6\u00f6d"},"content":{"rendered":"<div data-elementor-type=\"wp-post\" data-elementor-id=\"699\" class=\"elementor elementor-699\">\n\t\t\t\t\t\t<section class=\"elementor-section elementor-top-section elementor-element elementor-element-51ff63d elementor-section-boxed elementor-section-height-default elementor-section-height-default\" data-id=\"51ff63d\" data-element_type=\"section\" data-settings=\"{&quot;background_background&quot;:&quot;classic&quot;}\">\n\t\t\t\t\t\t<div class=\"elementor-container elementor-column-gap-default\">\n\t\t\t\t\t<div class=\"elementor-column elementor-col-100 elementor-top-column elementor-element elementor-element-8cbb510\" data-id=\"8cbb510\" data-element_type=\"column\">\n\t\t\t<div class=\"elementor-widget-wrap elementor-element-populated\">\n\t\t\t\t\t\t<section class=\"elementor-section elementor-inner-section elementor-element elementor-element-e16da27 elementor-section-boxed elementor-section-height-default elementor-section-height-default\" data-id=\"e16da27\" data-element_type=\"section\">\n\t\t\t\t\t\t<div class=\"elementor-container elementor-column-gap-default\">\n\t\t\t\t\t<div class=\"elementor-column elementor-col-50 elementor-inner-column elementor-element elementor-element-3f2e334\" data-id=\"3f2e334\" data-element_type=\"column\">\n\t\t\t<div class=\"elementor-widget-wrap elementor-element-populated\">\n\t\t\t\t\t\t<div class=\"elementor-element elementor-element-f7b2128 elementor-align-center elementor-list-item-link-full_width elementor-widget elementor-widget-icon-list\" data-id=\"f7b2128\" data-element_type=\"widget\" data-widget_type=\"icon-list.default\">\n\t\t\t\t<div class=\"elementor-widget-container\">\n\t\t\t\t\t<ul class=\"elementor-icon-list-items\">\n\t\t\t\t\t\t\t<li class=\"elementor-icon-list-item\">\n\t\t\t\t\t\t\t\t\t\t\t<a href=\"https:\/\/www.gardelux.ee\/en\/garderoobid\/\">\n\n\t\t\t\t\t\t\t\t\t\t\t<span class=\"elementor-icon-list-text\">Wardrobes<\/span>\n\t\t\t\t\t\t\t\t\t\t\t<\/a>\n\t\t\t\t\t\t\t\t\t<\/li>\n\t\t\t\t\t\t\t\t<li class=\"elementor-icon-list-item\">\n\t\t\t\t\t\t\t\t\t\t\t<a href=\"https:\/\/www.gardelux.ee\/en\/liuguksed\/\">\n\n\t\t\t\t\t\t\t\t\t\t\t<span class=\"elementor-icon-list-text\">Sliding doors<\/span>\n\t\t\t\t\t\t\t\t\t\t\t<\/a>\n\t\t\t\t\t\t\t\t\t<\/li>\n\t\t\t\t\t\t<\/ul>\n\t\t\t\t<\/div>\n\t\t\t\t<\/div>\n\t\t\t\t\t<\/div>\n\t\t<\/div>\n\t\t\t\t<div class=\"elementor-column elementor-col-50 elementor-inner-column elementor-element elementor-element-41ce660\" data-id=\"41ce660\" data-element_type=\"column\">\n\t\t\t<div class=\"elementor-widget-wrap elementor-element-populated\">\n\t\t\t\t\t\t<div class=\"elementor-element elementor-element-a12e9a5 elementor-widget elementor-widget-text-editor\" data-id=\"a12e9a5\" data-element_type=\"widget\" data-widget_type=\"text-editor.default\">\n\t\t\t\t<div class=\"elementor-widget-container\">\n\t\t\t\t\t\t\t<h3 style=\"text-align: center;\"><span style=\"color: #333333;\">Custom-made furniture<\/span><\/h3>\n<div><span style=\"color: #333333;\">&nbsp;<\/span><\/div>\n<p><span style=\"font-size: 16px;\">Besides wardrobes we make all kind of different furniture. For example TV stands, sectional cabinets, chest of drawers, tables, bookshelves and the list goes on.&nbsp;<\/span><span style=\"font-size: 16px;\">Same as for wardrobes, the selection of materials and add ons is very wide<\/span><\/p>\n<p><img decoding=\"async\" class=\"size-medium wp-image-1187 alignleft\" style=\"font-weight: inherit;\" src=\"https:\/\/www.gardelux.ee\/wp-content\/uploads\/2020\/05\/raamaturiiul-143x300.jpg\" alt=\"Raamaturiiul\" width=\"143\" height=\"300\" srcset=\"https:\/\/www.gardelux.ee\/wp-content\/uploads\/2020\/05\/raamaturiiul-143x300.jpg 143w, https:\/\/www.gardelux.ee\/wp-content\/uploads\/2020\/05\/raamaturiiul.jpg 200w\" sizes=\"(max-width: 143px) 100vw, 143px\" \/><\/p>\n<p style=\"font-size: 16px; font-style: normal; font-weight: 400;\"><span style=\"font-size: 16px;\">We help you to furnish your<\/span><span style=\"font-size: 16px;\">home or office.&nbsp;<\/span><span style=\"font-size: 16px;\">Check out of what we have done from our<\/span><span style=\"font-size: 16px;\">&nbsp;&nbsp;<\/span><a style=\"font-size: 16px; background-color: #ffffff;\" href=\"https:\/\/www.gardelux.ee\/en\/galerii\/\">gallery<\/a><span style=\"font-size: 16px;\">.<\/span><\/p>\t\t\t\t\t\t<\/div>\n\t\t\t\t<\/div>\n\t\t\t\t<div class=\"elementor-element elementor-element-7e0e599 elementor-align-left elementor-button-info elementor-mobile-align-center elementor-invisible elementor-widget elementor-widget-button\" data-id=\"7e0e599\" data-element_type=\"widget\" data-settings=\"{&quot;_animation&quot;:&quot;fadeInDown&quot;}\" data-widget_type=\"button.default\">\n\t\t\t\t<div class=\"elementor-widget-container\">\n\t\t\t\t\t<div class=\"elementor-button-wrapper\">\n\t\t\t<a class=\"elementor-button elementor-button-link elementor-size-sm\" href=\"https:\/\/www.gardelux.ee\/en\/kontakt\/\">\n\t\t\t\t\t\t<span class=\"elementor-button-content-wrapper\">\n\t\t\t\t\t\t\t\t\t<span class=\"elementor-button-text\">Ask for offer<\/span>\n\t\t\t\t\t<\/span>\n\t\t\t\t\t<\/a>\n\t\t<\/div>\n\t\t\t\t<\/div>\n\t\t\t\t<\/div>\n\t\t\t\t\t<\/div>\n\t\t<\/div>\n\t\t\t\t\t<\/div>\n\t\t<\/section>\n\t\t\t\t\t<\/div>\n\t\t<\/div>\n\t\t\t\t\t<\/div>\n\t\t<\/section>\n\t\t\t\t<\/div>","protected":false},"excerpt":{"rendered":"<p>Garderoobid Liuguksed Eritellimusm\u00f6\u00f6bel &nbsp; Lisaks garderoobidele valmistame ka muud m\u00f6\u00f6blit. N\u00e4iteks TV aluseid, sektsioonkappe, erinevaid kummuteid, laudasid, raamaturiiuleid jne.&nbsp;Nagu ka garderoobide puhul on materjali ja furnituuri valik suur. Aitame teil sisustada oma kodu v\u00f5i kontorit.&nbsp;Ideede ammutamiseks vaadake meie tehtud t\u00f6\u00f6de&nbsp;&nbsp;galeriid. K\u00fcsi pakkumist<\/p>","protected":false},"author":1,"featured_media":927,"parent":0,"menu_order":0,"comment_status":"closed","ping_status":"closed","template":"","meta":{"_monsterinsights_skip_tracking":false,"_monsterinsights_sitenote_active":false,"_monsterinsights_sitenote_note":"","_monsterinsights_sitenote_category":0,"site-sidebar-layout":"no-sidebar","site-content-layout":"page-builder","ast-site-content-layout":"","site-content-style":"default","site-sidebar-style":"default","ast-global-header-display":"","ast-banner-title-visibility":"","ast-main-header-display":"","ast-hfb-above-header-display":"","ast-hfb-below-header-display":"","ast-hfb-mobile-header-display":"","site-post-title":"disabled","ast-breadcrumbs-content":"","ast-featured-img":"disabled","footer-sml-layout":"disabled","theme-transparent-header-meta":"disabled","adv-header-id-meta":"","stick-header-meta":"","header-above-stick-meta":"","header-main-stick-meta":"","header-below-stick-meta":"","astra-migrate-meta-layouts":"default","ast-page-background-enabled":"default","ast-page-background-meta":{"desktop":{"background-color":"var(--ast-global-color-4)","background-image":"","background-repeat":"repeat","background-position":"center center","background-size":"auto","background-attachment":"scroll","background-type":"","background-media":"","overlay-type":"","overlay-color":"","overlay-opacity":"","overlay-gradient":""},"tablet":{"background-color":"","background-image":"","background-repeat":"repeat","background-position":"center center","background-size":"auto","background-attachment":"scroll","background-type":"","background-media":"","overlay-type":"","overlay-color":"","overlay-opacity":"","overlay-gradient":""},"mobile":{"background-color":"","background-image":"","background-repeat":"repeat","background-position":"center center","background-size":"auto","background-attachment":"scroll","background-type":"","background-media":"","overlay-type":"","overlay-color":"","overlay-opacity":"","overlay-gradient":""}},"ast-content-background-meta":{"desktop":{"background-color":"var(--ast-global-color-5)","background-image":"","background-repeat":"repeat","background-position":"center center","background-size":"auto","background-attachment":"scroll","background-type":"","background-media":"","overlay-type":"","overlay-color":"","overlay-opacity":"","overlay-gradient":""},"tablet":{"background-color":"var(--ast-global-color-5)","background-image":"","background-repeat":"repeat","background-position":"center center","background-size":"auto","background-attachment":"scroll","background-type":"","background-media":"","overlay-type":"","overlay-color":"","overlay-opacity":"","overlay-gradient":""},"mobile":{"background-color":"var(--ast-global-color-5)","background-image":"","background-repeat":"repeat","background-position":"center center","background-size":"auto","background-attachment":"scroll","background-type":"","background-media":"","overlay-type":"","overlay-color":"","overlay-opacity":"","overlay-gradient":""}},"footnotes":""},"class_list":["post-699","page","type-page","status-publish","has-post-thumbnail","hentry"],"yoast_head":"<!-- This site is optimized with the Yoast SEO plugin v23.3 - https:\/\/yoast.com\/wordpress\/plugins\/seo\/ -->\n<title>Eritellimust\u00f6\u00f6d | Gardelux -garderoobid, liuguksed ja eritellimusm\u00f6\u00f6bel<\/title>\n<meta name=\"description\" content=\"Lisaks garderoobidele valmistame ka muud m\u00f6\u00f6blit. N\u00e4iteks TV aluseid, sektsioonkappe, erinevaid kummuteid, laudasid, raamaturiiuleid ja palju muud.\" \/>\n<meta name=\"robots\" content=\"index, follow, max-snippet:-1, max-image-preview:large, max-video-preview:-1\" \/>\n<link rel=\"canonical\" href=\"https:\/\/www.gardelux.ee\/en\/eritellimus-tood\/\" \/>\n<meta property=\"og:locale\" content=\"en_GB\" \/>\n<meta property=\"og:type\" content=\"article\" \/>\n<meta property=\"og:title\" content=\"Eritellimust\u00f6\u00f6d | Gardelux -garderoobid, liuguksed ja eritellimusm\u00f6\u00f6bel\" \/>\n<meta property=\"og:description\" content=\"Lisaks garderoobidele valmistame ka muud m\u00f6\u00f6blit. N\u00e4iteks TV aluseid, sektsioonkappe, erinevaid kummuteid, laudasid, raamaturiiuleid ja palju muud.\" \/>\n<meta property=\"og:url\" content=\"https:\/\/www.gardelux.ee\/en\/eritellimus-tood\/\" \/>\n<meta property=\"og:site_name\" content=\"Gardelux\" \/>\n<meta property=\"article:modified_time\" content=\"2020-06-05T09:19:53+00:00\" \/>\n<meta property=\"og:image\" content=\"https:\/\/www.gardelux.ee\/wp-content\/uploads\/2019\/10\/eritellimus-1024x576-1.jpg\" \/>\n\t<meta property=\"og:image:width\" content=\"1024\" \/>\n\t<meta property=\"og:image:height\" content=\"576\" \/>\n\t<meta property=\"og:image:type\" content=\"image\/jpeg\" \/>\n<meta name=\"twitter:card\" content=\"summary_large_image\" \/>\n<script type=\"application\/ld+json\" class=\"yoast-schema-graph\">{\"@context\":\"https:\/\/schema.org\",\"@graph\":[{\"@type\":\"WebPage\",\"@id\":\"https:\/\/www.gardelux.ee\/eritellimus-tood\/\",\"url\":\"https:\/\/www.gardelux.ee\/eritellimus-tood\/\",\"name\":\"Eritellimust\u00f6\u00f6d | Gardelux -garderoobid, liuguksed ja eritellimusm\u00f6\u00f6bel\",\"isPartOf\":{\"@id\":\"https:\/\/www.gardelux.ee\/#website\"},\"primaryImageOfPage\":{\"@id\":\"https:\/\/www.gardelux.ee\/eritellimus-tood\/#primaryimage\"},\"image\":{\"@id\":\"https:\/\/www.gardelux.ee\/eritellimus-tood\/#primaryimage\"},\"thumbnailUrl\":\"https:\/\/www.gardelux.ee\/wp-content\/uploads\/2019\/10\/eritellimus-1024x576-1.jpg\",\"datePublished\":\"2019-09-01T18:22:31+00:00\",\"dateModified\":\"2020-06-05T09:19:53+00:00\",\"description\":\"Lisaks garderoobidele valmistame ka muud m\u00f6\u00f6blit. N\u00e4iteks TV aluseid, sektsioonkappe, erinevaid kummuteid, laudasid, raamaturiiuleid ja palju muud.\",\"breadcrumb\":{\"@id\":\"https:\/\/www.gardelux.ee\/eritellimus-tood\/#breadcrumb\"},\"inLanguage\":\"en-GB\",\"potentialAction\":[{\"@type\":\"ReadAction\",\"target\":[\"https:\/\/www.gardelux.ee\/eritellimus-tood\/\"]}]},{\"@type\":\"ImageObject\",\"inLanguage\":\"en-GB\",\"@id\":\"https:\/\/www.gardelux.ee\/eritellimus-tood\/#primaryimage\",\"url\":\"https:\/\/www.gardelux.ee\/wp-content\/uploads\/2019\/10\/eritellimus-1024x576-1.jpg\",\"contentUrl\":\"https:\/\/www.gardelux.ee\/wp-content\/uploads\/2019\/10\/eritellimus-1024x576-1.jpg\",\"width\":1024,\"height\":576,\"caption\":\"Eritellimus m\u00f6\u00f6bel vastavalt kliendi soovidele\"},{\"@type\":\"BreadcrumbList\",\"@id\":\"https:\/\/www.gardelux.ee\/eritellimus-tood\/#breadcrumb\",\"itemListElement\":[{\"@type\":\"ListItem\",\"position\":1,\"name\":\"Avaleht\",\"item\":\"https:\/\/www.gardelux.ee\/\"},{\"@type\":\"ListItem\",\"position\":2,\"name\":\"Eritellimust\u00f6\u00f6d\"}]},{\"@type\":\"WebSite\",\"@id\":\"https:\/\/www.gardelux.ee\/#website\",\"url\":\"https:\/\/www.gardelux.ee\/\",\"name\":\"Gardelux\",\"description\":\"\",\"publisher\":{\"@id\":\"https:\/\/www.gardelux.ee\/#organization\"},\"potentialAction\":[{\"@type\":\"SearchAction\",\"target\":{\"@type\":\"EntryPoint\",\"urlTemplate\":\"https:\/\/www.gardelux.ee\/?s={search_term_string}\"},\"query-input\":\"required name=search_term_string\"}],\"inLanguage\":\"en-GB\"},{\"@type\":\"Organization\",\"@id\":\"https:\/\/www.gardelux.ee\/#organization\",\"name\":\"Gardelux O\u00dc\",\"url\":\"https:\/\/www.gardelux.ee\/\",\"logo\":{\"@type\":\"ImageObject\",\"inLanguage\":\"en-GB\",\"@id\":\"https:\/\/www.gardelux.ee\/#\/schema\/logo\/image\/\",\"url\":\"https:\/\/www.gardelux.ee\/wp-content\/uploads\/2019\/08\/LOGO.jpg\",\"contentUrl\":\"https:\/\/www.gardelux.ee\/wp-content\/uploads\/2019\/08\/LOGO.jpg\",\"width\":1739,\"height\":2120,\"caption\":\"Gardelux O\u00dc\"},\"image\":{\"@id\":\"https:\/\/www.gardelux.ee\/#\/schema\/logo\/image\/\"}}]}<\/script>\n<!-- \/ Yoast SEO plugin. -->","yoast_head_json":{"title":"Eritellimust\u00f6\u00f6d | Gardelux -garderoobid, liuguksed ja eritellimusm\u00f6\u00f6bel","description":"Lisaks garderoobidele valmistame ka muud m\u00f6\u00f6blit. N\u00e4iteks TV aluseid, sektsioonkappe, erinevaid kummuteid, laudasid, raamaturiiuleid ja palju muud.","robots":{"index":"index","follow":"follow","max-snippet":"max-snippet:-1","max-image-preview":"max-image-preview:large","max-video-preview":"max-video-preview:-1"},"canonical":"https:\/\/www.gardelux.ee\/en\/eritellimus-tood\/","og_locale":"en_GB","og_type":"article","og_title":"Eritellimust\u00f6\u00f6d | Gardelux -garderoobid, liuguksed ja eritellimusm\u00f6\u00f6bel","og_description":"Lisaks garderoobidele valmistame ka muud m\u00f6\u00f6blit. N\u00e4iteks TV aluseid, sektsioonkappe, erinevaid kummuteid, laudasid, raamaturiiuleid ja palju muud.","og_url":"https:\/\/www.gardelux.ee\/en\/eritellimus-tood\/","og_site_name":"Gardelux","article_modified_time":"2020-06-05T09:19:53+00:00","og_image":[{"width":1024,"height":576,"url":"https:\/\/www.gardelux.ee\/wp-content\/uploads\/2019\/10\/eritellimus-1024x576-1.jpg","type":"image\/jpeg"}],"twitter_card":"summary_large_image","schema":{"@context":"https:\/\/schema.org","@graph":[{"@type":"WebPage","@id":"https:\/\/www.gardelux.ee\/eritellimus-tood\/","url":"https:\/\/www.gardelux.ee\/eritellimus-tood\/","name":"Eritellimust\u00f6\u00f6d | Gardelux -garderoobid, liuguksed ja eritellimusm\u00f6\u00f6bel","isPartOf":{"@id":"https:\/\/www.gardelux.ee\/#website"},"primaryImageOfPage":{"@id":"https:\/\/www.gardelux.ee\/eritellimus-tood\/#primaryimage"},"image":{"@id":"https:\/\/www.gardelux.ee\/eritellimus-tood\/#primaryimage"},"thumbnailUrl":"https:\/\/www.gardelux.ee\/wp-content\/uploads\/2019\/10\/eritellimus-1024x576-1.jpg","datePublished":"2019-09-01T18:22:31+00:00","dateModified":"2020-06-05T09:19:53+00:00","description":"Lisaks garderoobidele valmistame ka muud m\u00f6\u00f6blit. N\u00e4iteks TV aluseid, sektsioonkappe, erinevaid kummuteid, laudasid, raamaturiiuleid ja palju muud.","breadcrumb":{"@id":"https:\/\/www.gardelux.ee\/eritellimus-tood\/#breadcrumb"},"inLanguage":"en-GB","potentialAction":[{"@type":"ReadAction","target":["https:\/\/www.gardelux.ee\/eritellimus-tood\/"]}]},{"@type":"ImageObject","inLanguage":"en-GB","@id":"https:\/\/www.gardelux.ee\/eritellimus-tood\/#primaryimage","url":"https:\/\/www.gardelux.ee\/wp-content\/uploads\/2019\/10\/eritellimus-1024x576-1.jpg","contentUrl":"https:\/\/www.gardelux.ee\/wp-content\/uploads\/2019\/10\/eritellimus-1024x576-1.jpg","width":1024,"height":576,"caption":"Eritellimus m\u00f6\u00f6bel vastavalt kliendi soovidele"},{"@type":"BreadcrumbList","@id":"https:\/\/www.gardelux.ee\/eritellimus-tood\/#breadcrumb","itemListElement":[{"@type":"ListItem","position":1,"name":"Avaleht","item":"https:\/\/www.gardelux.ee\/"},{"@type":"ListItem","position":2,"name":"Eritellimust\u00f6\u00f6d"}]},{"@type":"WebSite","@id":"https:\/\/www.gardelux.ee\/#website","url":"https:\/\/www.gardelux.ee\/","name":"Gardelux","description":"","publisher":{"@id":"https:\/\/www.gardelux.ee\/#organization"},"potentialAction":[{"@type":"SearchAction","target":{"@type":"EntryPoint","urlTemplate":"https:\/\/www.gardelux.ee\/?s={search_term_string}"},"query-input":"required name=search_term_string"}],"inLanguage":"en-GB"},{"@type":"Organization","@id":"https:\/\/www.gardelux.ee\/#organization","name":"Gardelux O\u00dc","url":"https:\/\/www.gardelux.ee\/","logo":{"@type":"ImageObject","inLanguage":"en-GB","@id":"https:\/\/www.gardelux.ee\/#\/schema\/logo\/image\/","url":"https:\/\/www.gardelux.ee\/wp-content\/uploads\/2019\/08\/LOGO.jpg","contentUrl":"https:\/\/www.gardelux.ee\/wp-content\/uploads\/2019\/08\/LOGO.jpg","width":1739,"height":2120,"caption":"Gardelux O\u00dc"},"image":{"@id":"https:\/\/www.gardelux.ee\/#\/schema\/logo\/image\/"}}]}},"_links":{"self":[{"href":"https:\/\/www.gardelux.ee\/en\/wp-json\/wp\/v2\/pages\/699","targetHints":{"allow":["GET"]}}],"collection":[{"href":"https:\/\/www.gardelux.ee\/en\/wp-json\/wp\/v2\/pages"}],"about":[{"href":"https:\/\/www.gardelux.ee\/en\/wp-json\/wp\/v2\/types\/page"}],"author":[{"embeddable":true,"href":"https:\/\/www.gardelux.ee\/en\/wp-json\/wp\/v2\/users\/1"}],"replies":[{"embeddable":true,"href":"https:\/\/www.gardelux.ee\/en\/wp-json\/wp\/v2\/comments?post=699"}],"version-history":[{"count":35,"href":"https:\/\/www.gardelux.ee\/en\/wp-json\/wp\/v2\/pages\/699\/revisions"}],"predecessor-version":[{"id":1219,"href":"https:\/\/www.gardelux.ee\/en\/wp-json\/wp\/v2\/pages\/699\/revisions\/1219"}],"wp:featuredmedia":[{"embeddable":true,"href":"https:\/\/www.gardelux.ee\/en\/wp-json\/wp\/v2\/media\/927"}],"wp:attachment":[{"href":"https:\/\/www.gardelux.ee\/en\/wp-json\/wp\/v2\/media?parent=699"}],"curies":[{"name":"wp","href":"https:\/\/api.w.org\/{rel}","templated":true}]}}