{"id":636,"date":"2019-08-12T12:57:04","date_gmt":"2019-08-12T10:57:04","guid":{"rendered":"https:\/\/www.gardelux.ee\/?page_id=636"},"modified":"2020-05-31T22:57:02","modified_gmt":"2020-05-31T20:57:02","slug":"garderoobid","status":"publish","type":"page","link":"https:\/\/www.gardelux.ee\/en\/garderoobid\/","title":{"rendered":"Wardrobes"},"content":{"rendered":"<div data-elementor-type=\"wp-post\" data-elementor-id=\"636\" class=\"elementor elementor-636\">\n\t\t\t\t\t\t<section class=\"elementor-section elementor-top-section elementor-element elementor-element-1e9d62b elementor-section-boxed elementor-section-height-default elementor-section-height-default\" data-id=\"1e9d62b\" data-element_type=\"section\" data-settings=\"{&quot;background_background&quot;:&quot;classic&quot;}\">\n\t\t\t\t\t\t<div class=\"elementor-container elementor-column-gap-default\">\n\t\t\t\t\t<div class=\"elementor-column elementor-col-33 elementor-top-column elementor-element elementor-element-0597700\" data-id=\"0597700\" data-element_type=\"column\">\n\t\t\t<div class=\"elementor-widget-wrap elementor-element-populated\">\n\t\t\t\t\t\t<div class=\"elementor-element elementor-element-3d95e2c elementor-align-center elementor-icon-list--layout-traditional elementor-list-item-link-full_width elementor-widget elementor-widget-icon-list\" data-id=\"3d95e2c\" data-element_type=\"widget\" data-widget_type=\"icon-list.default\">\n\t\t\t\t<div class=\"elementor-widget-container\">\n\t\t\t\t\t<ul class=\"elementor-icon-list-items\">\n\t\t\t\t\t\t\t<li class=\"elementor-icon-list-item\">\n\t\t\t\t\t\t\t\t\t\t\t<a href=\"https:\/\/www.gardelux.ee\/en\/liuguksed\/\">\n\n\t\t\t\t\t\t\t\t\t\t\t<span class=\"elementor-icon-list-text\">Sliding doors<\/span>\n\t\t\t\t\t\t\t\t\t\t\t<\/a>\n\t\t\t\t\t\t\t\t\t<\/li>\n\t\t\t\t\t\t\t\t<li class=\"elementor-icon-list-item\">\n\t\t\t\t\t\t\t\t\t\t\t<a href=\"https:\/\/www.gardelux.ee\/en\/eritellimus-tood\/\">\n\n\t\t\t\t\t\t\t\t\t\t\t<span class=\"elementor-icon-list-text\">Custom-made furniture<\/span>\n\t\t\t\t\t\t\t\t\t\t\t<\/a>\n\t\t\t\t\t\t\t\t\t<\/li>\n\t\t\t\t\t\t<\/ul>\n\t\t\t\t<\/div>\n\t\t\t\t<\/div>\n\t\t\t\t\t<\/div>\n\t\t<\/div>\n\t\t\t\t<div class=\"elementor-column elementor-col-66 elementor-top-column elementor-element elementor-element-4124936\" data-id=\"4124936\" data-element_type=\"column\">\n\t\t\t<div class=\"elementor-widget-wrap elementor-element-populated\">\n\t\t\t\t\t\t<div class=\"elementor-element elementor-element-9caf748 elementor-widget elementor-widget-text-editor\" data-id=\"9caf748\" data-element_type=\"widget\" data-widget_type=\"text-editor.default\">\n\t\t\t\t<div class=\"elementor-widget-container\">\n\t\t\t\t\t\t\t<h3 style=\"text-align: center;\"><span style=\"color: #333333;\">Wardrobes<\/span><\/h3>\n<div><span style=\"color: #333333;\">&nbsp;<\/span><\/div>\n<p>We make various wardrobe solutions according to the customer's wishes - from small separate wardrobes to large wardrobe rooms.<\/p>\n<p>There is a wide range of materials with different thicknesses (from 16 mm) - a large selection of melamine boards, veneer, MDF, solid wood and plywood. We use a strong ABS for the edge of the melamine details.<\/p>\n<p><img fetchpriority=\"high\" decoding=\"async\" class=\"size-medium wp-image-1068 alignleft\" src=\"https:\/\/www.gardelux.ee\/wp-content\/uploads\/2020\/05\/20181120_191018-169x300.jpg\" alt=\"Garderoob\" width=\"169\" height=\"300\" srcset=\"https:\/\/www.gardelux.ee\/wp-content\/uploads\/2020\/05\/20181120_191018-169x300.jpg 169w, https:\/\/www.gardelux.ee\/wp-content\/uploads\/2020\/05\/20181120_191018-576x1024.jpg 576w, https:\/\/www.gardelux.ee\/wp-content\/uploads\/2020\/05\/20181120_191018-768x1365.jpg 768w, https:\/\/www.gardelux.ee\/wp-content\/uploads\/2020\/05\/20181120_191018-864x1536.jpg 864w, https:\/\/www.gardelux.ee\/wp-content\/uploads\/2020\/05\/20181120_191018-1152x2048.jpg 1152w, https:\/\/www.gardelux.ee\/wp-content\/uploads\/2020\/05\/20181120_191018-scaled.jpg 1440w\" sizes=\"(max-width: 169px) 100vw, 169px\" \/><\/p>\n<p>We have a wide range of different fittings for furnishing wardrobes. For example, it is possible to order shelves with different supports - visible supports, hidden supports or even an adjustable shelf . Various drawer solutions, baskets, pull-out trouser hangers, shoe racks, ironing trays, mirrors, etc. We use quality products from well-known manufacturers.<span style=\"font-size: 16px;\">uleid erinevate kanduritega- n\u00e4htavad kandurid, peidetud kandurid v\u00f5i \u00fcldse reguleeritav riiul. Erinevaid sahtlite lahendusi, ko<\/span><span style=\"font-size: 16px;\">rvid, v\u00e4ljat\u00f5mmatavaid p\u00fcksiriputeid, kingariiuleid, triikimisaluseid, peegleid jne. Kasutame tuntud tootjate kvaliteetseid tooteid.<\/span><\/p>\n<p>From our large selection of materials and fittings, everyone will find something to their liking.&nbsp;<\/p>\n<p>Get in touch with us and we will help you to create the wardrobe of your dreams!&nbsp;<span style=\"font-size: 16px;\">unistuste garderoobi!<\/span><\/p>\t\t\t\t\t\t<\/div>\n\t\t\t\t<\/div>\n\t\t\t\t<div class=\"elementor-element elementor-element-45aff92 elementor-align-left elementor-button-info elementor-mobile-align-center elementor-invisible elementor-widget elementor-widget-button\" data-id=\"45aff92\" data-element_type=\"widget\" data-settings=\"{&quot;_animation&quot;:&quot;fadeInDown&quot;}\" data-widget_type=\"button.default\">\n\t\t\t\t<div class=\"elementor-widget-container\">\n\t\t\t\t\t<div class=\"elementor-button-wrapper\">\n\t\t\t<a class=\"elementor-button elementor-button-link elementor-size-sm\" href=\"https:\/\/www.gardelux.ee\/en\/kontakt\/\">\n\t\t\t\t\t\t<span class=\"elementor-button-content-wrapper\">\n\t\t\t\t\t\t\t\t\t<span class=\"elementor-button-text\">Ask for offer<\/span>\n\t\t\t\t\t<\/span>\n\t\t\t\t\t<\/a>\n\t\t<\/div>\n\t\t\t\t<\/div>\n\t\t\t\t<\/div>\n\t\t\t\t\t<\/div>\n\t\t<\/div>\n\t\t\t\t\t<\/div>\n\t\t<\/section>\n\t\t\t\t<\/div>","protected":false},"excerpt":{"rendered":"<p>Liuguksed Eritellimusm\u00f6\u00f6bel GARDEROOBID &nbsp; Me valmistame vastavalt kliendi soovidele erinevaid garderoobi lahendusi- alates v\u00e4ikestest eraldiseisvatest riidekappidest kuni suurte garderoobitubadeni v\u00e4lja. Valikus on v\u00e4ga palju erinevaid materjale erinevate paksustega (alates 16 mm)- suur valik melamiinplaate, spoonplaat, MDF, t\u00e4ispuit ja vineer. Melamiindetailide servakandina kasutame tugevat ABS- ehk plastikkanti. Garderoobide sisustamiseks on meil pakkuda suur valik erinevat furnituuri. [&hellip;]<\/p>","protected":false},"author":1,"featured_media":0,"parent":0,"menu_order":0,"comment_status":"closed","ping_status":"closed","template":"elementor_header_footer","meta":{"_monsterinsights_skip_tracking":false,"_monsterinsights_sitenote_active":false,"_monsterinsights_sitenote_note":"","_monsterinsights_sitenote_category":0,"site-sidebar-layout":"no-sidebar","site-content-layout":"page-builder","ast-site-content-layout":"","site-content-style":"default","site-sidebar-style":"default","ast-global-header-display":"","ast-banner-title-visibility":"","ast-main-header-display":"","ast-hfb-above-header-display":"","ast-hfb-below-header-display":"","ast-hfb-mobile-header-display":"","site-post-title":"disabled","ast-breadcrumbs-content":"","ast-featured-img":"disabled","footer-sml-layout":"disabled","theme-transparent-header-meta":"default","adv-header-id-meta":"","stick-header-meta":"","header-above-stick-meta":"","header-main-stick-meta":"","header-below-stick-meta":"","astra-migrate-meta-layouts":"default","ast-page-background-enabled":"default","ast-page-background-meta":{"desktop":{"background-color":"var(--ast-global-color-4)","background-image":"","background-repeat":"repeat","background-position":"center center","background-size":"auto","background-attachment":"scroll","background-type":"","background-media":"","overlay-type":"","overlay-color":"","overlay-opacity":"","overlay-gradient":""},"tablet":{"background-color":"","background-image":"","background-repeat":"repeat","background-position":"center center","background-size":"auto","background-attachment":"scroll","background-type":"","background-media":"","overlay-type":"","overlay-color":"","overlay-opacity":"","overlay-gradient":""},"mobile":{"background-color":"","background-image":"","background-repeat":"repeat","background-position":"center center","background-size":"auto","background-attachment":"scroll","background-type":"","background-media":"","overlay-type":"","overlay-color":"","overlay-opacity":"","overlay-gradient":""}},"ast-content-background-meta":{"desktop":{"background-color":"var(--ast-global-color-5)","background-image":"","background-repeat":"repeat","background-position":"center center","background-size":"auto","background-attachment":"scroll","background-type":"","background-media":"","overlay-type":"","overlay-color":"","overlay-opacity":"","overlay-gradient":""},"tablet":{"background-color":"var(--ast-global-color-5)","background-image":"","background-repeat":"repeat","background-position":"center center","background-size":"auto","background-attachment":"scroll","background-type":"","background-media":"","overlay-type":"","overlay-color":"","overlay-opacity":"","overlay-gradient":""},"mobile":{"background-color":"var(--ast-global-color-5)","background-image":"","background-repeat":"repeat","background-position":"center center","background-size":"auto","background-attachment":"scroll","background-type":"","background-media":"","overlay-type":"","overlay-color":"","overlay-opacity":"","overlay-gradient":""}},"footnotes":""},"class_list":["post-636","page","type-page","status-publish","hentry"],"yoast_head":"<!-- This site is optimized with the Yoast SEO plugin v23.3 - https:\/\/yoast.com\/wordpress\/plugins\/seo\/ -->\n<title>Garderoobid | Gardelux -garderoobid, liuguksed ja eritellimusm\u00f6\u00f6bel<\/title>\n<meta name=\"description\" content=\"Me valmistame erinevaid graderoobi lahendusi- alates v\u00e4ikestest eraldiseisvatest riidekappidest kuni suurte garderoobitubadeni v\u00e4lja.\" \/>\n<meta name=\"robots\" content=\"index, follow, max-snippet:-1, max-image-preview:large, max-video-preview:-1\" \/>\n<link rel=\"canonical\" href=\"https:\/\/www.gardelux.ee\/en\/garderoobid\/\" \/>\n<meta property=\"og:locale\" content=\"en_GB\" \/>\n<meta property=\"og:type\" content=\"article\" \/>\n<meta property=\"og:title\" content=\"Garderoobid | Gardelux -garderoobid, liuguksed ja eritellimusm\u00f6\u00f6bel\" \/>\n<meta property=\"og:description\" content=\"Me valmistame erinevaid graderoobi lahendusi- alates v\u00e4ikestest eraldiseisvatest riidekappidest kuni suurte garderoobitubadeni v\u00e4lja.\" \/>\n<meta property=\"og:url\" content=\"https:\/\/www.gardelux.ee\/en\/garderoobid\/\" \/>\n<meta property=\"og:site_name\" content=\"Gardelux\" \/>\n<meta property=\"article:modified_time\" content=\"2020-05-31T20:57:02+00:00\" \/>\n<meta property=\"og:image\" content=\"https:\/\/www.gardelux.ee\/wp-content\/uploads\/2020\/05\/20181120_191018-169x300.jpg\" \/>\n<meta name=\"twitter:card\" content=\"summary_large_image\" \/>\n<meta name=\"twitter:label1\" content=\"Estimated reading time\" \/>\n\t<meta name=\"twitter:data1\" content=\"1 minute\" \/>\n<script type=\"application\/ld+json\" class=\"yoast-schema-graph\">{\"@context\":\"https:\/\/schema.org\",\"@graph\":[{\"@type\":\"WebPage\",\"@id\":\"https:\/\/www.gardelux.ee\/garderoobid\/\",\"url\":\"https:\/\/www.gardelux.ee\/garderoobid\/\",\"name\":\"Garderoobid | Gardelux -garderoobid, liuguksed ja eritellimusm\u00f6\u00f6bel\",\"isPartOf\":{\"@id\":\"https:\/\/www.gardelux.ee\/#website\"},\"primaryImageOfPage\":{\"@id\":\"https:\/\/www.gardelux.ee\/garderoobid\/#primaryimage\"},\"image\":{\"@id\":\"https:\/\/www.gardelux.ee\/garderoobid\/#primaryimage\"},\"thumbnailUrl\":\"https:\/\/www.gardelux.ee\/wp-content\/uploads\/2020\/05\/20181120_191018-169x300.jpg\",\"datePublished\":\"2019-08-12T10:57:04+00:00\",\"dateModified\":\"2020-05-31T20:57:02+00:00\",\"description\":\"Me valmistame erinevaid graderoobi lahendusi- alates v\u00e4ikestest eraldiseisvatest riidekappidest kuni suurte garderoobitubadeni v\u00e4lja.\",\"breadcrumb\":{\"@id\":\"https:\/\/www.gardelux.ee\/garderoobid\/#breadcrumb\"},\"inLanguage\":\"en-GB\",\"potentialAction\":[{\"@type\":\"ReadAction\",\"target\":[\"https:\/\/www.gardelux.ee\/garderoobid\/\"]}]},{\"@type\":\"ImageObject\",\"inLanguage\":\"en-GB\",\"@id\":\"https:\/\/www.gardelux.ee\/garderoobid\/#primaryimage\",\"url\":\"https:\/\/www.gardelux.ee\/wp-content\/uploads\/2020\/05\/20181120_191018-169x300.jpg\",\"contentUrl\":\"https:\/\/www.gardelux.ee\/wp-content\/uploads\/2020\/05\/20181120_191018-169x300.jpg\"},{\"@type\":\"BreadcrumbList\",\"@id\":\"https:\/\/www.gardelux.ee\/garderoobid\/#breadcrumb\",\"itemListElement\":[{\"@type\":\"ListItem\",\"position\":1,\"name\":\"Avaleht\",\"item\":\"https:\/\/www.gardelux.ee\/\"},{\"@type\":\"ListItem\",\"position\":2,\"name\":\"Garderoobid\"}]},{\"@type\":\"WebSite\",\"@id\":\"https:\/\/www.gardelux.ee\/#website\",\"url\":\"https:\/\/www.gardelux.ee\/\",\"name\":\"Gardelux\",\"description\":\"\",\"publisher\":{\"@id\":\"https:\/\/www.gardelux.ee\/#organization\"},\"potentialAction\":[{\"@type\":\"SearchAction\",\"target\":{\"@type\":\"EntryPoint\",\"urlTemplate\":\"https:\/\/www.gardelux.ee\/?s={search_term_string}\"},\"query-input\":\"required name=search_term_string\"}],\"inLanguage\":\"en-GB\"},{\"@type\":\"Organization\",\"@id\":\"https:\/\/www.gardelux.ee\/#organization\",\"name\":\"Gardelux O\u00dc\",\"url\":\"https:\/\/www.gardelux.ee\/\",\"logo\":{\"@type\":\"ImageObject\",\"inLanguage\":\"en-GB\",\"@id\":\"https:\/\/www.gardelux.ee\/#\/schema\/logo\/image\/\",\"url\":\"https:\/\/www.gardelux.ee\/wp-content\/uploads\/2019\/08\/LOGO.jpg\",\"contentUrl\":\"https:\/\/www.gardelux.ee\/wp-content\/uploads\/2019\/08\/LOGO.jpg\",\"width\":1739,\"height\":2120,\"caption\":\"Gardelux O\u00dc\"},\"image\":{\"@id\":\"https:\/\/www.gardelux.ee\/#\/schema\/logo\/image\/\"}}]}<\/script>\n<!-- \/ Yoast SEO plugin. -->","yoast_head_json":{"title":"Garderoobid | Gardelux -garderoobid, liuguksed ja eritellimusm\u00f6\u00f6bel","description":"Me valmistame erinevaid graderoobi lahendusi- alates v\u00e4ikestest eraldiseisvatest riidekappidest kuni suurte garderoobitubadeni v\u00e4lja.","robots":{"index":"index","follow":"follow","max-snippet":"max-snippet:-1","max-image-preview":"max-image-preview:large","max-video-preview":"max-video-preview:-1"},"canonical":"https:\/\/www.gardelux.ee\/en\/garderoobid\/","og_locale":"en_GB","og_type":"article","og_title":"Garderoobid | Gardelux -garderoobid, liuguksed ja eritellimusm\u00f6\u00f6bel","og_description":"Me valmistame erinevaid graderoobi lahendusi- alates v\u00e4ikestest eraldiseisvatest riidekappidest kuni suurte garderoobitubadeni v\u00e4lja.","og_url":"https:\/\/www.gardelux.ee\/en\/garderoobid\/","og_site_name":"Gardelux","article_modified_time":"2020-05-31T20:57:02+00:00","og_image":[{"url":"https:\/\/www.gardelux.ee\/wp-content\/uploads\/2020\/05\/20181120_191018-169x300.jpg"}],"twitter_card":"summary_large_image","twitter_misc":{"Estimated reading time":"1 minute"},"schema":{"@context":"https:\/\/schema.org","@graph":[{"@type":"WebPage","@id":"https:\/\/www.gardelux.ee\/garderoobid\/","url":"https:\/\/www.gardelux.ee\/garderoobid\/","name":"Garderoobid | Gardelux -garderoobid, liuguksed ja eritellimusm\u00f6\u00f6bel","isPartOf":{"@id":"https:\/\/www.gardelux.ee\/#website"},"primaryImageOfPage":{"@id":"https:\/\/www.gardelux.ee\/garderoobid\/#primaryimage"},"image":{"@id":"https:\/\/www.gardelux.ee\/garderoobid\/#primaryimage"},"thumbnailUrl":"https:\/\/www.gardelux.ee\/wp-content\/uploads\/2020\/05\/20181120_191018-169x300.jpg","datePublished":"2019-08-12T10:57:04+00:00","dateModified":"2020-05-31T20:57:02+00:00","description":"Me valmistame erinevaid graderoobi lahendusi- alates v\u00e4ikestest eraldiseisvatest riidekappidest kuni suurte garderoobitubadeni v\u00e4lja.","breadcrumb":{"@id":"https:\/\/www.gardelux.ee\/garderoobid\/#breadcrumb"},"inLanguage":"en-GB","potentialAction":[{"@type":"ReadAction","target":["https:\/\/www.gardelux.ee\/garderoobid\/"]}]},{"@type":"ImageObject","inLanguage":"en-GB","@id":"https:\/\/www.gardelux.ee\/garderoobid\/#primaryimage","url":"https:\/\/www.gardelux.ee\/wp-content\/uploads\/2020\/05\/20181120_191018-169x300.jpg","contentUrl":"https:\/\/www.gardelux.ee\/wp-content\/uploads\/2020\/05\/20181120_191018-169x300.jpg"},{"@type":"BreadcrumbList","@id":"https:\/\/www.gardelux.ee\/garderoobid\/#breadcrumb","itemListElement":[{"@type":"ListItem","position":1,"name":"Avaleht","item":"https:\/\/www.gardelux.ee\/"},{"@type":"ListItem","position":2,"name":"Garderoobid"}]},{"@type":"WebSite","@id":"https:\/\/www.gardelux.ee\/#website","url":"https:\/\/www.gardelux.ee\/","name":"Gardelux","description":"","publisher":{"@id":"https:\/\/www.gardelux.ee\/#organization"},"potentialAction":[{"@type":"SearchAction","target":{"@type":"EntryPoint","urlTemplate":"https:\/\/www.gardelux.ee\/?s={search_term_string}"},"query-input":"required name=search_term_string"}],"inLanguage":"en-GB"},{"@type":"Organization","@id":"https:\/\/www.gardelux.ee\/#organization","name":"Gardelux O\u00dc","url":"https:\/\/www.gardelux.ee\/","logo":{"@type":"ImageObject","inLanguage":"en-GB","@id":"https:\/\/www.gardelux.ee\/#\/schema\/logo\/image\/","url":"https:\/\/www.gardelux.ee\/wp-content\/uploads\/2019\/08\/LOGO.jpg","contentUrl":"https:\/\/www.gardelux.ee\/wp-content\/uploads\/2019\/08\/LOGO.jpg","width":1739,"height":2120,"caption":"Gardelux O\u00dc"},"image":{"@id":"https:\/\/www.gardelux.ee\/#\/schema\/logo\/image\/"}}]}},"_links":{"self":[{"href":"https:\/\/www.gardelux.ee\/en\/wp-json\/wp\/v2\/pages\/636","targetHints":{"allow":["GET"]}}],"collection":[{"href":"https:\/\/www.gardelux.ee\/en\/wp-json\/wp\/v2\/pages"}],"about":[{"href":"https:\/\/www.gardelux.ee\/en\/wp-json\/wp\/v2\/types\/page"}],"author":[{"embeddable":true,"href":"https:\/\/www.gardelux.ee\/en\/wp-json\/wp\/v2\/users\/1"}],"replies":[{"embeddable":true,"href":"https:\/\/www.gardelux.ee\/en\/wp-json\/wp\/v2\/comments?post=636"}],"version-history":[{"count":33,"href":"https:\/\/www.gardelux.ee\/en\/wp-json\/wp\/v2\/pages\/636\/revisions"}],"predecessor-version":[{"id":1211,"href":"https:\/\/www.gardelux.ee\/en\/wp-json\/wp\/v2\/pages\/636\/revisions\/1211"}],"wp:attachment":[{"href":"https:\/\/www.gardelux.ee\/en\/wp-json\/wp\/v2\/media?parent=636"}],"curies":[{"name":"wp","href":"https:\/\/api.w.org\/{rel}","templated":true}]}}