{"id":6,"date":"2018-11-27T09:17:28","date_gmt":"2018-11-27T07:17:28","guid":{"rendered":"https:\/\/websitedemos.net\/discover-outdoors\/?page_id=6"},"modified":"2020-06-05T11:23:39","modified_gmt":"2020-06-05T09:23:39","slug":"tooted","status":"publish","type":"page","link":"https:\/\/www.gardelux.ee\/en\/tooted\/","title":{"rendered":"Products"},"content":{"rendered":"<div data-elementor-type=\"wp-post\" data-elementor-id=\"6\" class=\"elementor elementor-6\">\n\t\t\t\t\t\t<section class=\"elementor-section elementor-top-section elementor-element elementor-element-33a79095 elementor-section-boxed elementor-section-height-default elementor-section-height-default\" data-id=\"33a79095\" data-element_type=\"section\" data-settings=\"{&quot;background_background&quot;:&quot;classic&quot;}\">\n\t\t\t\t\t\t\t<div class=\"elementor-background-overlay\"><\/div>\n\t\t\t\t\t\t\t<div class=\"elementor-container elementor-column-gap-default\">\n\t\t\t\t\t<div class=\"elementor-column elementor-col-33 elementor-top-column elementor-element elementor-element-b7194dc\" data-id=\"b7194dc\" data-element_type=\"column\">\n\t\t\t<div class=\"elementor-widget-wrap\">\n\t\t\t\t\t\t\t<\/div>\n\t\t<\/div>\n\t\t\t\t<div class=\"elementor-column elementor-col-33 elementor-top-column elementor-element elementor-element-3706530d\" data-id=\"3706530d\" data-element_type=\"column\">\n\t\t\t<div class=\"elementor-widget-wrap elementor-element-populated\">\n\t\t\t\t\t\t<div class=\"elementor-element elementor-element-4fff9b0b elementor-view-default elementor-position-top elementor-mobile-position-top elementor-widget elementor-widget-icon-box\" data-id=\"4fff9b0b\" data-element_type=\"widget\" data-widget_type=\"icon-box.default\">\n\t\t\t\t<div class=\"elementor-widget-container\">\n\t\t\t\t\t<div class=\"elementor-icon-box-wrapper\">\n\n\t\t\t\t\t\t<div class=\"elementor-icon-box-icon\">\n\t\t\t\t<span  class=\"elementor-icon elementor-animation-\">\n\t\t\t\t\t\t\t\t<\/span>\n\t\t\t<\/div>\n\t\t\t\n\t\t\t\t\t\t<div class=\"elementor-icon-box-content\">\n\n\t\t\t\t\t\t\t\t\t<h1 class=\"elementor-icon-box-title\">\n\t\t\t\t\t\t<span  >\n\t\t\t\t\t\t\tProducts\t\t\t\t\t\t<\/span>\n\t\t\t\t\t<\/h1>\n\t\t\t\t\n\t\t\t\t\n\t\t\t<\/div>\n\t\t\t\n\t\t<\/div>\n\t\t\t\t<\/div>\n\t\t\t\t<\/div>\n\t\t\t\t\t<\/div>\n\t\t<\/div>\n\t\t\t\t<div class=\"elementor-column elementor-col-33 elementor-top-column elementor-element elementor-element-4788e5dc\" data-id=\"4788e5dc\" data-element_type=\"column\">\n\t\t\t<div class=\"elementor-widget-wrap\">\n\t\t\t\t\t\t\t<\/div>\n\t\t<\/div>\n\t\t\t\t\t<\/div>\n\t\t<\/section>\n\t\t\t\t<section class=\"elementor-section elementor-top-section elementor-element elementor-element-2dbed9a elementor-section-boxed elementor-section-height-default elementor-section-height-default\" data-id=\"2dbed9a\" data-element_type=\"section\">\n\t\t\t\t\t\t<div class=\"elementor-container elementor-column-gap-default\">\n\t\t\t\t\t<div class=\"elementor-column elementor-col-33 elementor-top-column elementor-element elementor-element-c54645a\" data-id=\"c54645a\" data-element_type=\"column\">\n\t\t\t<div class=\"elementor-widget-wrap\">\n\t\t\t\t\t\t\t<\/div>\n\t\t<\/div>\n\t\t\t\t<div class=\"elementor-column elementor-col-33 elementor-top-column elementor-element elementor-element-1ca627b\" data-id=\"1ca627b\" data-element_type=\"column\">\n\t\t\t<div class=\"elementor-widget-wrap elementor-element-populated\">\n\t\t\t\t\t\t<div class=\"elementor-element elementor-element-42fd904 elementor-widget elementor-widget-heading\" data-id=\"42fd904\" data-element_type=\"widget\" data-widget_type=\"heading.default\">\n\t\t\t\t<div class=\"elementor-widget-container\">\n\t\t\t<h3 class=\"elementor-heading-title elementor-size-default\">Kui soovid kvaliteetset garderoobi, liugust v\u00f5i hoopis eritellimusm\u00f6\u00f6blit oled \u00f5iges kohas<\/h3>\t\t<\/div>\n\t\t\t\t<\/div>\n\t\t\t\t<div class=\"elementor-element elementor-element-432499d elementor-widget-divider--view-line elementor-widget elementor-widget-divider\" data-id=\"432499d\" data-element_type=\"widget\" data-widget_type=\"divider.default\">\n\t\t\t\t<div class=\"elementor-widget-container\">\n\t\t\t\t\t<div class=\"elementor-divider\">\n\t\t\t<span class=\"elementor-divider-separator\">\n\t\t\t\t\t\t<\/span>\n\t\t<\/div>\n\t\t\t\t<\/div>\n\t\t\t\t<\/div>\n\t\t\t\t<div class=\"elementor-element elementor-element-8dff22f elementor-hidden-phone elementor-widget elementor-widget-text-editor\" data-id=\"8dff22f\" data-element_type=\"widget\" data-widget_type=\"text-editor.default\">\n\t\t\t\t<div class=\"elementor-widget-container\">\n\t\t\t\t\t\t\t<p>Lisainfo saamiseks vajuta pildile<\/p>\t\t\t\t\t\t<\/div>\n\t\t\t\t<\/div>\n\t\t\t\t\t<\/div>\n\t\t<\/div>\n\t\t\t\t<div class=\"elementor-column elementor-col-33 elementor-top-column elementor-element elementor-element-92a5c23\" data-id=\"92a5c23\" data-element_type=\"column\">\n\t\t\t<div class=\"elementor-widget-wrap\">\n\t\t\t\t\t\t\t<\/div>\n\t\t<\/div>\n\t\t\t\t\t<\/div>\n\t\t<\/section>\n\t\t\t\t<section class=\"elementor-section elementor-top-section elementor-element elementor-element-1f96557 elementor-section-boxed elementor-section-height-default elementor-section-height-default\" data-id=\"1f96557\" data-element_type=\"section\">\n\t\t\t\t\t\t<div class=\"elementor-container elementor-column-gap-default\">\n\t\t\t\t\t<div class=\"elementor-column elementor-col-100 elementor-top-column elementor-element elementor-element-cd91154\" data-id=\"cd91154\" data-element_type=\"column\">\n\t\t\t<div class=\"elementor-widget-wrap elementor-element-populated\">\n\t\t\t\t\t\t<section class=\"elementor-section elementor-inner-section elementor-element elementor-element-c0de7ab elementor-section-full_width elementor-section-height-default elementor-section-height-default\" data-id=\"c0de7ab\" data-element_type=\"section\">\n\t\t\t\t\t\t<div class=\"elementor-container elementor-column-gap-default\">\n\t\t\t\t\t<div class=\"elementor-column elementor-col-33 elementor-inner-column elementor-element elementor-element-848a122\" data-id=\"848a122\" data-element_type=\"column\">\n\t\t\t<div class=\"elementor-widget-wrap elementor-element-populated\">\n\t\t\t\t\t\t<div class=\"elementor-element elementor-element-6a8f485 elementor-widget elementor-widget-image\" data-id=\"6a8f485\" data-element_type=\"widget\" data-widget_type=\"image.default\">\n\t\t\t\t<div class=\"elementor-widget-container\">\n\t\t\t\t\t\t\t\t\t\t\t\t\t\t<a href=\"https:\/\/www.gardelux.ee\/en\/liuguksed\/\">\n\t\t\t\t\t\t\t<img decoding=\"async\" src=\"https:\/\/www.gardelux.ee\/wp-content\/uploads\/2019\/10\/sliding-doors.jpg\" title=\"Sliding doors\" alt=\"Personaalsed liuguksed\" class=\"elementor-animation-shrink\" loading=\"lazy\" \/>\t\t\t\t\t\t\t\t<\/a>\n\t\t\t\t\t\t\t\t\t\t\t\t\t<\/div>\n\t\t\t\t<\/div>\n\t\t\t\t\t<\/div>\n\t\t<\/div>\n\t\t\t\t<div class=\"elementor-column elementor-col-33 elementor-inner-column elementor-element elementor-element-be12bd8\" data-id=\"be12bd8\" data-element_type=\"column\">\n\t\t\t<div class=\"elementor-widget-wrap elementor-element-populated\">\n\t\t\t\t\t\t<div class=\"elementor-element elementor-element-f81d6f7 elementor-widget elementor-widget-image\" data-id=\"f81d6f7\" data-element_type=\"widget\" data-widget_type=\"image.default\">\n\t\t\t\t<div class=\"elementor-widget-container\">\n\t\t\t\t\t\t\t\t\t\t\t\t\t\t<a href=\"https:\/\/www.gardelux.ee\/en\/garderoobid\/\">\n\t\t\t\t\t\t\t<img decoding=\"async\" src=\"https:\/\/www.gardelux.ee\/wp-content\/uploads\/2019\/10\/wardrobes.jpg\" title=\"wardrobes\" alt=\"Personaalsed garderoobid\" class=\"elementor-animation-shrink\" loading=\"lazy\" \/>\t\t\t\t\t\t\t\t<\/a>\n\t\t\t\t\t\t\t\t\t\t\t\t\t<\/div>\n\t\t\t\t<\/div>\n\t\t\t\t\t<\/div>\n\t\t<\/div>\n\t\t\t\t<div class=\"elementor-column elementor-col-33 elementor-inner-column elementor-element elementor-element-638a160\" data-id=\"638a160\" data-element_type=\"column\">\n\t\t\t<div class=\"elementor-widget-wrap elementor-element-populated\">\n\t\t\t\t\t\t<div class=\"elementor-element elementor-element-86e7e1d elementor-widget elementor-widget-image\" data-id=\"86e7e1d\" data-element_type=\"widget\" data-widget_type=\"image.default\">\n\t\t\t\t<div class=\"elementor-widget-container\">\n\t\t\t\t\t\t\t\t\t\t\t\t\t\t<a href=\"https:\/\/www.gardelux.ee\/en\/eritellimus-tood\/\">\n\t\t\t\t\t\t\t<img decoding=\"async\" src=\"https:\/\/www.gardelux.ee\/wp-content\/uploads\/2019\/10\/custom-made-furniture-1.jpg\" title=\"custom-made furniture\" alt=\"Eritellimus m\u00f6\u00f6bel vastavalt kliendi soovidele\" class=\"elementor-animation-shrink\" loading=\"lazy\" \/>\t\t\t\t\t\t\t\t<\/a>\n\t\t\t\t\t\t\t\t\t\t\t\t\t<\/div>\n\t\t\t\t<\/div>\n\t\t\t\t\t<\/div>\n\t\t<\/div>\n\t\t\t\t\t<\/div>\n\t\t<\/section>\n\t\t\t\t\t<\/div>\n\t\t<\/div>\n\t\t\t\t\t<\/div>\n\t\t<\/section>\n\t\t\t\t<section class=\"elementor-section elementor-top-section elementor-element elementor-element-5999602 elementor-section-boxed elementor-section-height-default elementor-section-height-default\" data-id=\"5999602\" data-element_type=\"section\" data-settings=\"{&quot;background_background&quot;:&quot;classic&quot;}\">\n\t\t\t\t\t\t<div class=\"elementor-container elementor-column-gap-default\">\n\t\t\t\t\t<div class=\"elementor-column elementor-col-100 elementor-top-column elementor-element elementor-element-991a6c0\" data-id=\"991a6c0\" data-element_type=\"column\">\n\t\t\t<div class=\"elementor-widget-wrap elementor-element-populated\">\n\t\t\t\t\t\t<div class=\"elementor-element elementor-element-9371562 elementor-widget elementor-widget-heading\" data-id=\"9371562\" data-element_type=\"widget\" data-widget_type=\"heading.default\">\n\t\t\t\t<div class=\"elementor-widget-container\">\n\t\t\t<h4 class=\"elementor-heading-title elementor-size-default\">Why to order from us<\/h4>\t\t<\/div>\n\t\t\t\t<\/div>\n\t\t\t\t<div class=\"elementor-element elementor-element-a14414a elementor-widget-divider--view-line elementor-widget elementor-widget-divider\" data-id=\"a14414a\" data-element_type=\"widget\" data-widget_type=\"divider.default\">\n\t\t\t\t<div class=\"elementor-widget-container\">\n\t\t\t\t\t<div class=\"elementor-divider\">\n\t\t\t<span class=\"elementor-divider-separator\">\n\t\t\t\t\t\t<\/span>\n\t\t<\/div>\n\t\t\t\t<\/div>\n\t\t\t\t<\/div>\n\t\t\t\t<div class=\"elementor-element elementor-element-6336eab elementor-align-center elementor-icon-list--layout-traditional elementor-list-item-link-full_width elementor-widget elementor-widget-icon-list\" data-id=\"6336eab\" data-element_type=\"widget\" data-widget_type=\"icon-list.default\">\n\t\t\t\t<div class=\"elementor-widget-container\">\n\t\t\t\t\t<ul class=\"elementor-icon-list-items\">\n\t\t\t\t\t\t\t<li class=\"elementor-icon-list-item\">\n\t\t\t\t\t\t\t\t\t\t\t<span class=\"elementor-icon-list-icon\">\n\t\t\t\t\t\t\t<i aria-hidden=\"true\" class=\"fas fa-minus\"><\/i>\t\t\t\t\t\t<\/span>\n\t\t\t\t\t\t\t\t\t\t<span class=\"elementor-icon-list-text\">Gardelux O\u00dc offers you customized interior design solutions<\/span>\n\t\t\t\t\t\t\t\t\t<\/li>\n\t\t\t\t\t\t\t\t<li class=\"elementor-icon-list-item\">\n\t\t\t\t\t\t\t\t\t\t\t<span class=\"elementor-icon-list-icon\">\n\t\t\t\t\t\t\t<i aria-hidden=\"true\" class=\"fas fa-minus\"><\/i>\t\t\t\t\t\t<\/span>\n\t\t\t\t\t\t\t\t\t\t<span class=\"elementor-icon-list-text\">We have long-term work experience<\/span>\n\t\t\t\t\t\t\t\t\t<\/li>\n\t\t\t\t\t\t\t\t<li class=\"elementor-icon-list-item\">\n\t\t\t\t\t\t\t\t\t\t\t<span class=\"elementor-icon-list-icon\">\n\t\t\t\t\t\t\t<i aria-hidden=\"true\" class=\"fas fa-minus\"><\/i>\t\t\t\t\t\t<\/span>\n\t\t\t\t\t\t\t\t\t\t<span class=\"elementor-icon-list-text\">We make special orders according to the customer's drawings<\/span>\n\t\t\t\t\t\t\t\t\t<\/li>\n\t\t\t\t\t\t\t\t<li class=\"elementor-icon-list-item\">\n\t\t\t\t\t\t\t\t\t\t\t<span class=\"elementor-icon-list-icon\">\n\t\t\t\t\t\t\t<i aria-hidden=\"true\" class=\"fas fa-minus\"><\/i>\t\t\t\t\t\t<\/span>\n\t\t\t\t\t\t\t\t\t\t<span class=\"elementor-icon-list-text\">We provide installation, transport and measurement services all over Estonia<\/span>\n\t\t\t\t\t\t\t\t\t<\/li>\n\t\t\t\t\t\t<\/ul>\n\t\t\t\t<\/div>\n\t\t\t\t<\/div>\n\t\t\t\t\t<\/div>\n\t\t<\/div>\n\t\t\t\t\t<\/div>\n\t\t<\/section>\n\t\t\t\t<\/div>","protected":false},"excerpt":{"rendered":"<p>Tooted Kui soovid kvaliteetset garderoobi, liugust v\u00f5i hoopis eritellimusm\u00f6\u00f6blit oled \u00f5iges kohas Lisainfo saamiseks vajuta pildile Miks tellida meilt Gardelux O\u00dc on individuaalseid sisustuslahendusi pakkuv ettev\u00f5te Omame pikaajalist t\u00f6\u00f6kogemust Valmistame eritellimusi vastavalt kliendi joonistele Pakume paigaldus-, transpordi- ja m\u00f5\u00f5tmisteenust \u00fcle Eesti<\/p>","protected":false},"author":1,"featured_media":679,"parent":0,"menu_order":0,"comment_status":"closed","ping_status":"closed","template":"","meta":{"_monsterinsights_skip_tracking":false,"_monsterinsights_sitenote_active":false,"_monsterinsights_sitenote_note":"","_monsterinsights_sitenote_category":0,"site-sidebar-layout":"no-sidebar","site-content-layout":"page-builder","ast-site-content-layout":"","site-content-style":"default","site-sidebar-style":"default","ast-global-header-display":"","ast-banner-title-visibility":"","ast-main-header-display":"","ast-hfb-above-header-display":"","ast-hfb-below-header-display":"","ast-hfb-mobile-header-display":"","site-post-title":"disabled","ast-breadcrumbs-content":"","ast-featured-img":"disabled","footer-sml-layout":"","theme-transparent-header-meta":"enabled","adv-header-id-meta":"","stick-header-meta":"","header-above-stick-meta":"","header-main-stick-meta":"","header-below-stick-meta":"","astra-migrate-meta-layouts":"default","ast-page-background-enabled":"default","ast-page-background-meta":{"desktop":{"background-color":"var(--ast-global-color-4)","background-image":"","background-repeat":"repeat","background-position":"center center","background-size":"auto","background-attachment":"scroll","background-type":"","background-media":"","overlay-type":"","overlay-color":"","overlay-opacity":"","overlay-gradient":""},"tablet":{"background-color":"","background-image":"","background-repeat":"repeat","background-position":"center center","background-size":"auto","background-attachment":"scroll","background-type":"","background-media":"","overlay-type":"","overlay-color":"","overlay-opacity":"","overlay-gradient":""},"mobile":{"background-color":"","background-image":"","background-repeat":"repeat","background-position":"center center","background-size":"auto","background-attachment":"scroll","background-type":"","background-media":"","overlay-type":"","overlay-color":"","overlay-opacity":"","overlay-gradient":""}},"ast-content-background-meta":{"desktop":{"background-color":"var(--ast-global-color-5)","background-image":"","background-repeat":"repeat","background-position":"center center","background-size":"auto","background-attachment":"scroll","background-type":"","background-media":"","overlay-type":"","overlay-color":"","overlay-opacity":"","overlay-gradient":""},"tablet":{"background-color":"var(--ast-global-color-5)","background-image":"","background-repeat":"repeat","background-position":"center center","background-size":"auto","background-attachment":"scroll","background-type":"","background-media":"","overlay-type":"","overlay-color":"","overlay-opacity":"","overlay-gradient":""},"mobile":{"background-color":"var(--ast-global-color-5)","background-image":"","background-repeat":"repeat","background-position":"center center","background-size":"auto","background-attachment":"scroll","background-type":"","background-media":"","overlay-type":"","overlay-color":"","overlay-opacity":"","overlay-gradient":""}},"footnotes":""},"class_list":["post-6","page","type-page","status-publish","has-post-thumbnail","hentry"],"yoast_head":"<!-- This site is optimized with the Yoast SEO plugin v23.3 - https:\/\/yoast.com\/wordpress\/plugins\/seo\/ -->\n<title>Tooted | Gardelux -garderoobid, liuguksed ja eritellimusm\u00f6\u00f6bel<\/title>\n<meta name=\"description\" content=\"Tegeleme garderoobide, liuguste ja ka muu eritellimusm\u00f6\u00f6bli (panipaigad, kontorilauad, raamaturiiulid, kummutid jne) projekteerimise, m\u00fc\u00fcgi ja paigaldusega.\" \/>\n<meta name=\"robots\" content=\"index, follow, max-snippet:-1, max-image-preview:large, max-video-preview:-1\" \/>\n<link rel=\"canonical\" href=\"https:\/\/www.gardelux.ee\/en\/tooted\/\" \/>\n<meta property=\"og:locale\" content=\"en_GB\" \/>\n<meta property=\"og:type\" content=\"article\" \/>\n<meta property=\"og:title\" content=\"Tooted | Gardelux -garderoobid, liuguksed ja eritellimusm\u00f6\u00f6bel\" \/>\n<meta property=\"og:description\" content=\"Tegeleme garderoobide, liuguste ja ka muu eritellimusm\u00f6\u00f6bli (panipaigad, kontorilauad, raamaturiiulid, kummutid jne) projekteerimise, m\u00fc\u00fcgi ja paigaldusega.\" \/>\n<meta property=\"og:url\" content=\"https:\/\/www.gardelux.ee\/en\/tooted\/\" \/>\n<meta property=\"og:site_name\" content=\"Gardelux\" \/>\n<meta property=\"article:modified_time\" content=\"2020-06-05T09:23:39+00:00\" \/>\n<meta property=\"og:image\" content=\"https:\/\/www.gardelux.ee\/wp-content\/uploads\/2019\/08\/LOGO.jpg\" \/>\n\t<meta property=\"og:image:width\" content=\"1739\" \/>\n\t<meta property=\"og:image:height\" content=\"2120\" \/>\n\t<meta property=\"og:image:type\" content=\"image\/jpeg\" \/>\n<meta name=\"twitter:card\" content=\"summary_large_image\" \/>\n<script type=\"application\/ld+json\" class=\"yoast-schema-graph\">{\"@context\":\"https:\/\/schema.org\",\"@graph\":[{\"@type\":\"WebPage\",\"@id\":\"https:\/\/www.gardelux.ee\/tooted\/\",\"url\":\"https:\/\/www.gardelux.ee\/tooted\/\",\"name\":\"Tooted | Gardelux -garderoobid, liuguksed ja eritellimusm\u00f6\u00f6bel\",\"isPartOf\":{\"@id\":\"https:\/\/www.gardelux.ee\/#website\"},\"primaryImageOfPage\":{\"@id\":\"https:\/\/www.gardelux.ee\/tooted\/#primaryimage\"},\"image\":{\"@id\":\"https:\/\/www.gardelux.ee\/tooted\/#primaryimage\"},\"thumbnailUrl\":\"https:\/\/www.gardelux.ee\/wp-content\/uploads\/2019\/08\/LOGO.jpg\",\"datePublished\":\"2018-11-27T07:17:28+00:00\",\"dateModified\":\"2020-06-05T09:23:39+00:00\",\"description\":\"Tegeleme garderoobide, liuguste ja ka muu eritellimusm\u00f6\u00f6bli (panipaigad, kontorilauad, raamaturiiulid, kummutid jne) projekteerimise, m\u00fc\u00fcgi ja paigaldusega.\",\"breadcrumb\":{\"@id\":\"https:\/\/www.gardelux.ee\/tooted\/#breadcrumb\"},\"inLanguage\":\"en-GB\",\"potentialAction\":[{\"@type\":\"ReadAction\",\"target\":[\"https:\/\/www.gardelux.ee\/tooted\/\"]}]},{\"@type\":\"ImageObject\",\"inLanguage\":\"en-GB\",\"@id\":\"https:\/\/www.gardelux.ee\/tooted\/#primaryimage\",\"url\":\"https:\/\/www.gardelux.ee\/wp-content\/uploads\/2019\/08\/LOGO.jpg\",\"contentUrl\":\"https:\/\/www.gardelux.ee\/wp-content\/uploads\/2019\/08\/LOGO.jpg\",\"width\":1739,\"height\":2120},{\"@type\":\"BreadcrumbList\",\"@id\":\"https:\/\/www.gardelux.ee\/tooted\/#breadcrumb\",\"itemListElement\":[{\"@type\":\"ListItem\",\"position\":1,\"name\":\"Avaleht\",\"item\":\"https:\/\/www.gardelux.ee\/\"},{\"@type\":\"ListItem\",\"position\":2,\"name\":\"Tooted\"}]},{\"@type\":\"WebSite\",\"@id\":\"https:\/\/www.gardelux.ee\/#website\",\"url\":\"https:\/\/www.gardelux.ee\/\",\"name\":\"Gardelux\",\"description\":\"\",\"publisher\":{\"@id\":\"https:\/\/www.gardelux.ee\/#organization\"},\"potentialAction\":[{\"@type\":\"SearchAction\",\"target\":{\"@type\":\"EntryPoint\",\"urlTemplate\":\"https:\/\/www.gardelux.ee\/?s={search_term_string}\"},\"query-input\":\"required name=search_term_string\"}],\"inLanguage\":\"en-GB\"},{\"@type\":\"Organization\",\"@id\":\"https:\/\/www.gardelux.ee\/#organization\",\"name\":\"Gardelux O\u00dc\",\"url\":\"https:\/\/www.gardelux.ee\/\",\"logo\":{\"@type\":\"ImageObject\",\"inLanguage\":\"en-GB\",\"@id\":\"https:\/\/www.gardelux.ee\/#\/schema\/logo\/image\/\",\"url\":\"https:\/\/www.gardelux.ee\/wp-content\/uploads\/2019\/08\/LOGO.jpg\",\"contentUrl\":\"https:\/\/www.gardelux.ee\/wp-content\/uploads\/2019\/08\/LOGO.jpg\",\"width\":1739,\"height\":2120,\"caption\":\"Gardelux O\u00dc\"},\"image\":{\"@id\":\"https:\/\/www.gardelux.ee\/#\/schema\/logo\/image\/\"}}]}<\/script>\n<!-- \/ Yoast SEO plugin. -->","yoast_head_json":{"title":"Tooted | Gardelux -garderoobid, liuguksed ja eritellimusm\u00f6\u00f6bel","description":"Tegeleme garderoobide, liuguste ja ka muu eritellimusm\u00f6\u00f6bli (panipaigad, kontorilauad, raamaturiiulid, kummutid jne) projekteerimise, m\u00fc\u00fcgi ja paigaldusega.","robots":{"index":"index","follow":"follow","max-snippet":"max-snippet:-1","max-image-preview":"max-image-preview:large","max-video-preview":"max-video-preview:-1"},"canonical":"https:\/\/www.gardelux.ee\/en\/tooted\/","og_locale":"en_GB","og_type":"article","og_title":"Tooted | Gardelux -garderoobid, liuguksed ja eritellimusm\u00f6\u00f6bel","og_description":"Tegeleme garderoobide, liuguste ja ka muu eritellimusm\u00f6\u00f6bli (panipaigad, kontorilauad, raamaturiiulid, kummutid jne) projekteerimise, m\u00fc\u00fcgi ja paigaldusega.","og_url":"https:\/\/www.gardelux.ee\/en\/tooted\/","og_site_name":"Gardelux","article_modified_time":"2020-06-05T09:23:39+00:00","og_image":[{"width":1739,"height":2120,"url":"https:\/\/www.gardelux.ee\/wp-content\/uploads\/2019\/08\/LOGO.jpg","type":"image\/jpeg"}],"twitter_card":"summary_large_image","schema":{"@context":"https:\/\/schema.org","@graph":[{"@type":"WebPage","@id":"https:\/\/www.gardelux.ee\/tooted\/","url":"https:\/\/www.gardelux.ee\/tooted\/","name":"Tooted | Gardelux -garderoobid, liuguksed ja eritellimusm\u00f6\u00f6bel","isPartOf":{"@id":"https:\/\/www.gardelux.ee\/#website"},"primaryImageOfPage":{"@id":"https:\/\/www.gardelux.ee\/tooted\/#primaryimage"},"image":{"@id":"https:\/\/www.gardelux.ee\/tooted\/#primaryimage"},"thumbnailUrl":"https:\/\/www.gardelux.ee\/wp-content\/uploads\/2019\/08\/LOGO.jpg","datePublished":"2018-11-27T07:17:28+00:00","dateModified":"2020-06-05T09:23:39+00:00","description":"Tegeleme garderoobide, liuguste ja ka muu eritellimusm\u00f6\u00f6bli (panipaigad, kontorilauad, raamaturiiulid, kummutid jne) projekteerimise, m\u00fc\u00fcgi ja paigaldusega.","breadcrumb":{"@id":"https:\/\/www.gardelux.ee\/tooted\/#breadcrumb"},"inLanguage":"en-GB","potentialAction":[{"@type":"ReadAction","target":["https:\/\/www.gardelux.ee\/tooted\/"]}]},{"@type":"ImageObject","inLanguage":"en-GB","@id":"https:\/\/www.gardelux.ee\/tooted\/#primaryimage","url":"https:\/\/www.gardelux.ee\/wp-content\/uploads\/2019\/08\/LOGO.jpg","contentUrl":"https:\/\/www.gardelux.ee\/wp-content\/uploads\/2019\/08\/LOGO.jpg","width":1739,"height":2120},{"@type":"BreadcrumbList","@id":"https:\/\/www.gardelux.ee\/tooted\/#breadcrumb","itemListElement":[{"@type":"ListItem","position":1,"name":"Avaleht","item":"https:\/\/www.gardelux.ee\/"},{"@type":"ListItem","position":2,"name":"Tooted"}]},{"@type":"WebSite","@id":"https:\/\/www.gardelux.ee\/#website","url":"https:\/\/www.gardelux.ee\/","name":"Gardelux","description":"","publisher":{"@id":"https:\/\/www.gardelux.ee\/#organization"},"potentialAction":[{"@type":"SearchAction","target":{"@type":"EntryPoint","urlTemplate":"https:\/\/www.gardelux.ee\/?s={search_term_string}"},"query-input":"required name=search_term_string"}],"inLanguage":"en-GB"},{"@type":"Organization","@id":"https:\/\/www.gardelux.ee\/#organization","name":"Gardelux O\u00dc","url":"https:\/\/www.gardelux.ee\/","logo":{"@type":"ImageObject","inLanguage":"en-GB","@id":"https:\/\/www.gardelux.ee\/#\/schema\/logo\/image\/","url":"https:\/\/www.gardelux.ee\/wp-content\/uploads\/2019\/08\/LOGO.jpg","contentUrl":"https:\/\/www.gardelux.ee\/wp-content\/uploads\/2019\/08\/LOGO.jpg","width":1739,"height":2120,"caption":"Gardelux O\u00dc"},"image":{"@id":"https:\/\/www.gardelux.ee\/#\/schema\/logo\/image\/"}}]}},"_links":{"self":[{"href":"https:\/\/www.gardelux.ee\/en\/wp-json\/wp\/v2\/pages\/6","targetHints":{"allow":["GET"]}}],"collection":[{"href":"https:\/\/www.gardelux.ee\/en\/wp-json\/wp\/v2\/pages"}],"about":[{"href":"https:\/\/www.gardelux.ee\/en\/wp-json\/wp\/v2\/types\/page"}],"author":[{"embeddable":true,"href":"https:\/\/www.gardelux.ee\/en\/wp-json\/wp\/v2\/users\/1"}],"replies":[{"embeddable":true,"href":"https:\/\/www.gardelux.ee\/en\/wp-json\/wp\/v2\/comments?post=6"}],"version-history":[{"count":41,"href":"https:\/\/www.gardelux.ee\/en\/wp-json\/wp\/v2\/pages\/6\/revisions"}],"predecessor-version":[{"id":1204,"href":"https:\/\/www.gardelux.ee\/en\/wp-json\/wp\/v2\/pages\/6\/revisions\/1204"}],"wp:featuredmedia":[{"embeddable":true,"href":"https:\/\/www.gardelux.ee\/en\/wp-json\/wp\/v2\/media\/679"}],"wp:attachment":[{"href":"https:\/\/www.gardelux.ee\/en\/wp-json\/wp\/v2\/media?parent=6"}],"curies":[{"name":"wp","href":"https:\/\/api.w.org\/{rel}","templated":true}]}}