{"id":548,"date":"2018-11-27T09:16:54","date_gmt":"2018-11-27T07:16:54","guid":{"rendered":"https:\/\/websitedemos.net\/discover-outdoors\/?page_id=4"},"modified":"2024-08-31T14:27:54","modified_gmt":"2024-08-31T12:27:54","slug":"avaleht","status":"publish","type":"page","link":"https:\/\/www.gardelux.ee\/en\/avaleht\/","title":{"rendered":"Home"},"content":{"rendered":"<div data-elementor-type=\"wp-post\" data-elementor-id=\"548\" class=\"elementor elementor-548\">\n\t\t\t\t\t\t<section class=\"elementor-section elementor-top-section elementor-element elementor-element-c50838b elementor-section-boxed elementor-section-height-default elementor-section-height-default\" data-id=\"c50838b\" data-element_type=\"section\" data-settings=\"{&quot;background_background&quot;:&quot;classic&quot;}\">\n\t\t\t\t\t\t\t<div class=\"elementor-background-overlay\"><\/div>\n\t\t\t\t\t\t\t<div class=\"elementor-container elementor-column-gap-default\">\n\t\t\t\t\t<div class=\"elementor-column elementor-col-33 elementor-top-column elementor-element elementor-element-2f84d6d\" data-id=\"2f84d6d\" data-element_type=\"column\">\n\t\t\t<div class=\"elementor-widget-wrap\">\n\t\t\t\t\t\t\t<\/div>\n\t\t<\/div>\n\t\t\t\t<div class=\"elementor-column elementor-col-33 elementor-top-column elementor-element elementor-element-55b0429\" data-id=\"55b0429\" data-element_type=\"column\">\n\t\t\t<div class=\"elementor-widget-wrap elementor-element-populated\">\n\t\t\t\t\t\t<div class=\"elementor-element elementor-element-92570e2 elementor-widget-divider--view-line elementor-widget elementor-widget-divider\" data-id=\"92570e2\" data-element_type=\"widget\" data-widget_type=\"divider.default\">\n\t\t\t\t<div class=\"elementor-widget-container\">\n\t\t\t\t\t<div class=\"elementor-divider\">\n\t\t\t<span class=\"elementor-divider-separator\">\n\t\t\t\t\t\t<\/span>\n\t\t<\/div>\n\t\t\t\t<\/div>\n\t\t\t\t<\/div>\n\t\t\t\t<div class=\"elementor-element elementor-element-453e782 elementor-widget elementor-widget-heading\" data-id=\"453e782\" data-element_type=\"widget\" data-widget_type=\"heading.default\">\n\t\t\t\t<div class=\"elementor-widget-container\">\n\t\t\t<h3 class=\"elementor-heading-title elementor-size-default\">wardrobe systems, sliding doors and custom-made furniture <\/h3>\t\t<\/div>\n\t\t\t\t<\/div>\n\t\t\t\t<div class=\"elementor-element elementor-element-6d0d9cb elementor-align-center elementor-button-info elementor-invisible elementor-widget elementor-widget-button\" data-id=\"6d0d9cb\" data-element_type=\"widget\" data-settings=\"{&quot;_animation&quot;:&quot;fadeInDown&quot;}\" data-widget_type=\"button.default\">\n\t\t\t\t<div class=\"elementor-widget-container\">\n\t\t\t\t\t<div class=\"elementor-button-wrapper\">\n\t\t\t<a class=\"elementor-button elementor-button-link elementor-size-sm\" href=\"https:\/\/www.gardelux.ee\/en\/kontakt\/\">\n\t\t\t\t\t\t<span class=\"elementor-button-content-wrapper\">\n\t\t\t\t\t\t\t\t\t<span class=\"elementor-button-text\">Ask for offer<\/span>\n\t\t\t\t\t<\/span>\n\t\t\t\t\t<\/a>\n\t\t<\/div>\n\t\t\t\t<\/div>\n\t\t\t\t<\/div>\n\t\t\t\t<div class=\"elementor-element elementor-element-a31a296 elementor-hidden-tablet elementor-hidden-phone elementor-view-default elementor-invisible elementor-widget elementor-widget-icon\" data-id=\"a31a296\" data-element_type=\"widget\" data-settings=\"{&quot;_animation&quot;:&quot;pulse&quot;,&quot;_animation_delay&quot;:100}\" data-widget_type=\"icon.default\">\n\t\t\t\t<div class=\"elementor-widget-container\">\n\t\t\t\t\t<div class=\"elementor-icon-wrapper\">\n\t\t\t<div class=\"elementor-icon elementor-animation-hang\">\n\t\t\t<i aria-hidden=\"true\" class=\"far fa-arrow-alt-circle-down\"><\/i>\t\t\t<\/div>\n\t\t<\/div>\n\t\t\t\t<\/div>\n\t\t\t\t<\/div>\n\t\t\t\t<div class=\"elementor-element elementor-element-5dcdb7e elementor-hidden-tablet elementor-hidden-phone elementor-widget elementor-widget-heading\" data-id=\"5dcdb7e\" data-element_type=\"widget\" data-widget_type=\"heading.default\">\n\t\t\t\t<div class=\"elementor-widget-container\">\n\t\t\t<p class=\"elementor-heading-title elementor-size-default\">Scroll down for more<\/p>\t\t<\/div>\n\t\t\t\t<\/div>\n\t\t\t\t\t<\/div>\n\t\t<\/div>\n\t\t\t\t<div class=\"elementor-column elementor-col-33 elementor-top-column elementor-element elementor-element-79b148e\" data-id=\"79b148e\" data-element_type=\"column\">\n\t\t\t<div class=\"elementor-widget-wrap\">\n\t\t\t\t\t\t\t<\/div>\n\t\t<\/div>\n\t\t\t\t\t<\/div>\n\t\t<\/section>\n\t\t\t\t<section class=\"elementor-section elementor-top-section elementor-element elementor-element-c6203e2 elementor-section-boxed elementor-section-height-default elementor-section-height-default\" data-id=\"c6203e2\" data-element_type=\"section\" data-settings=\"{&quot;background_background&quot;:&quot;classic&quot;}\">\n\t\t\t\t\t\t<div class=\"elementor-container elementor-column-gap-default\">\n\t\t\t\t\t<div class=\"elementor-column elementor-col-100 elementor-top-column elementor-element elementor-element-8d37d69\" data-id=\"8d37d69\" data-element_type=\"column\">\n\t\t\t<div class=\"elementor-widget-wrap elementor-element-populated\">\n\t\t\t\t\t\t<div class=\"elementor-element elementor-element-b5e1f6c elementor-view-default elementor-position-top elementor-mobile-position-top elementor-widget elementor-widget-icon-box\" data-id=\"b5e1f6c\" data-element_type=\"widget\" data-widget_type=\"icon-box.default\">\n\t\t\t\t<div class=\"elementor-widget-container\">\n\t\t\t\t\t<div class=\"elementor-icon-box-wrapper\">\n\n\t\t\t\t\t\t<div class=\"elementor-icon-box-icon\">\n\t\t\t\t<span  class=\"elementor-icon elementor-animation-\">\n\t\t\t\t<i aria-hidden=\"true\" class=\"fas fa-star\"><\/i>\t\t\t\t<\/span>\n\t\t\t<\/div>\n\t\t\t\n\t\t\t\t\t\t<div class=\"elementor-icon-box-content\">\n\n\t\t\t\t\t\t\t\t\t<h3 class=\"elementor-icon-box-title\">\n\t\t\t\t\t\t<span  >\n\t\t\t\t\t\t\tWe make wardrobe systems, sliding doors and custom-made furniture according to your wishes.\t\t\t\t\t\t<\/span>\n\t\t\t\t\t<\/h3>\n\t\t\t\t\n\t\t\t\t\t\t\t\t\t<p class=\"elementor-icon-box-description\">\n\t\t\t\t\t\tWe will help to design the wardrobe solution that is right for you.\n\t\t\t\t\t<\/p>\n\t\t\t\t\n\t\t\t<\/div>\n\t\t\t\n\t\t<\/div>\n\t\t\t\t<\/div>\n\t\t\t\t<\/div>\n\t\t\t\t<section class=\"elementor-section elementor-inner-section elementor-element elementor-element-8c3e138 elementor-section-full_width elementor-section-height-default elementor-section-height-default\" data-id=\"8c3e138\" data-element_type=\"section\">\n\t\t\t\t\t\t<div class=\"elementor-container elementor-column-gap-default\">\n\t\t\t\t\t<div class=\"elementor-column elementor-col-33 elementor-inner-column elementor-element elementor-element-8dd9cd1\" data-id=\"8dd9cd1\" data-element_type=\"column\">\n\t\t\t<div class=\"elementor-widget-wrap elementor-element-populated\">\n\t\t\t\t\t\t<div class=\"elementor-element elementor-element-d0c3697 elementor-widget elementor-widget-image\" data-id=\"d0c3697\" data-element_type=\"widget\" data-widget_type=\"image.default\">\n\t\t\t\t<div class=\"elementor-widget-container\">\n\t\t\t\t\t\t\t\t\t\t\t\t\t\t<a href=\"https:\/\/www.gardelux.ee\/en\/garderoobid\/\">\n\t\t\t\t\t\t\t<img decoding=\"async\" src=\"https:\/\/www.gardelux.ee\/wp-content\/uploads\/2019\/10\/wardrobes.jpg\" title=\"wardrobes\" alt=\"Personaalsed garderoobid\" class=\"elementor-animation-shrink\" loading=\"lazy\" \/>\t\t\t\t\t\t\t\t<\/a>\n\t\t\t\t\t\t\t\t\t\t\t\t\t<\/div>\n\t\t\t\t<\/div>\n\t\t\t\t\t<\/div>\n\t\t<\/div>\n\t\t\t\t<div class=\"elementor-column elementor-col-33 elementor-inner-column elementor-element elementor-element-14c5df5\" data-id=\"14c5df5\" data-element_type=\"column\">\n\t\t\t<div class=\"elementor-widget-wrap elementor-element-populated\">\n\t\t\t\t\t\t<div class=\"elementor-element elementor-element-386385a elementor-widget elementor-widget-image\" data-id=\"386385a\" data-element_type=\"widget\" data-widget_type=\"image.default\">\n\t\t\t\t<div class=\"elementor-widget-container\">\n\t\t\t\t\t\t\t\t\t\t\t\t\t\t<a href=\"https:\/\/www.gardelux.ee\/en\/liuguksed\/\">\n\t\t\t\t\t\t\t<img decoding=\"async\" src=\"https:\/\/www.gardelux.ee\/wp-content\/uploads\/2019\/10\/sliding-doors.jpg\" title=\"Sliding doors\" alt=\"Personaalsed liuguksed\" class=\"elementor-animation-shrink\" loading=\"lazy\" \/>\t\t\t\t\t\t\t\t<\/a>\n\t\t\t\t\t\t\t\t\t\t\t\t\t<\/div>\n\t\t\t\t<\/div>\n\t\t\t\t\t<\/div>\n\t\t<\/div>\n\t\t\t\t<div class=\"elementor-column elementor-col-33 elementor-inner-column elementor-element elementor-element-c3b7590\" data-id=\"c3b7590\" data-element_type=\"column\">\n\t\t\t<div class=\"elementor-widget-wrap elementor-element-populated\">\n\t\t\t\t\t\t<div class=\"elementor-element elementor-element-bbf3f09 elementor-widget elementor-widget-image\" data-id=\"bbf3f09\" data-element_type=\"widget\" data-widget_type=\"image.default\">\n\t\t\t\t<div class=\"elementor-widget-container\">\n\t\t\t\t\t\t\t\t\t\t\t\t\t\t<a href=\"https:\/\/www.gardelux.ee\/en\/eritellimus-tood\/\">\n\t\t\t\t\t\t\t<img decoding=\"async\" src=\"https:\/\/www.gardelux.ee\/wp-content\/uploads\/2019\/10\/custom-made-furniture-1.jpg\" title=\"custom-made furniture\" alt=\"Eritellimus m\u00f6\u00f6bel vastavalt kliendi soovidele\" class=\"elementor-animation-shrink\" loading=\"lazy\" \/>\t\t\t\t\t\t\t\t<\/a>\n\t\t\t\t\t\t\t\t\t\t\t\t\t<\/div>\n\t\t\t\t<\/div>\n\t\t\t\t\t<\/div>\n\t\t<\/div>\n\t\t\t\t\t<\/div>\n\t\t<\/section>\n\t\t\t\t\t<\/div>\n\t\t<\/div>\n\t\t\t\t\t<\/div>\n\t\t<\/section>\n\t\t\t\t<section class=\"elementor-section elementor-top-section elementor-element elementor-element-54e11b1 elementor-section-boxed elementor-section-height-default elementor-section-height-default\" data-id=\"54e11b1\" data-element_type=\"section\">\n\t\t\t\t\t\t<div class=\"elementor-container elementor-column-gap-default\">\n\t\t\t\t\t<div class=\"elementor-column elementor-col-100 elementor-top-column elementor-element elementor-element-377ed27\" data-id=\"377ed27\" data-element_type=\"column\">\n\t\t\t<div class=\"elementor-widget-wrap elementor-element-populated\">\n\t\t\t\t\t\t<section class=\"elementor-section elementor-inner-section elementor-element elementor-element-0a487d8 elementor-section-boxed elementor-section-height-default elementor-section-height-default\" data-id=\"0a487d8\" data-element_type=\"section\">\n\t\t\t\t\t\t<div class=\"elementor-container elementor-column-gap-default\">\n\t\t\t\t\t<div class=\"elementor-column elementor-col-50 elementor-inner-column elementor-element elementor-element-52df3b8\" data-id=\"52df3b8\" data-element_type=\"column\">\n\t\t\t<div class=\"elementor-widget-wrap\">\n\t\t\t\t\t\t\t<\/div>\n\t\t<\/div>\n\t\t\t\t<div class=\"elementor-column elementor-col-50 elementor-inner-column elementor-element elementor-element-4e060e8\" data-id=\"4e060e8\" data-element_type=\"column\">\n\t\t\t<div class=\"elementor-widget-wrap\">\n\t\t\t\t\t\t\t<\/div>\n\t\t<\/div>\n\t\t\t\t\t<\/div>\n\t\t<\/section>\n\t\t\t\t\t<\/div>\n\t\t<\/div>\n\t\t\t\t\t<\/div>\n\t\t<\/section>\n\t\t\t\t<\/div>","protected":false},"excerpt":{"rendered":"<p>garderoobis\u00fcsteemid, liuguksed ja eritellimusm\u00f6\u00f6bel K\u00fcsi pakkumist lisainfo saamiseks liigu allapoole Valmistame garderoobis\u00fcsteeme, liuguksi ja eritellimusm\u00f6\u00f6blit vastavalt teie soovidele. Aitame kujundada just sulle sobiva garderoobi lahenduse.<\/p>","protected":false},"author":1,"featured_media":679,"parent":0,"menu_order":0,"comment_status":"closed","ping_status":"closed","template":"","meta":{"_monsterinsights_skip_tracking":false,"_monsterinsights_sitenote_active":false,"_monsterinsights_sitenote_note":"","_monsterinsights_sitenote_category":0,"site-sidebar-layout":"no-sidebar","site-content-layout":"page-builder","ast-site-content-layout":"full-width-container","site-content-style":"unboxed","site-sidebar-style":"unboxed","ast-global-header-display":"","ast-banner-title-visibility":"","ast-main-header-display":"","ast-hfb-above-header-display":"","ast-hfb-below-header-display":"","ast-hfb-mobile-header-display":"","site-post-title":"disabled","ast-breadcrumbs-content":"","ast-featured-img":"disabled","footer-sml-layout":"","theme-transparent-header-meta":"enabled","adv-header-id-meta":"","stick-header-meta":"","header-above-stick-meta":"","header-main-stick-meta":"","header-below-stick-meta":"","astra-migrate-meta-layouts":"set","ast-page-background-enabled":"default","ast-page-background-meta":{"desktop":{"background-color":"var(--ast-global-color-4)","background-image":"","background-repeat":"repeat","background-position":"center center","background-size":"auto","background-attachment":"scroll","background-type":"","background-media":"","overlay-type":"","overlay-color":"","overlay-opacity":"","overlay-gradient":""},"tablet":{"background-color":"","background-image":"","background-repeat":"repeat","background-position":"center center","background-size":"auto","background-attachment":"scroll","background-type":"","background-media":"","overlay-type":"","overlay-color":"","overlay-opacity":"","overlay-gradient":""},"mobile":{"background-color":"","background-image":"","background-repeat":"repeat","background-position":"center center","background-size":"auto","background-attachment":"scroll","background-type":"","background-media":"","overlay-type":"","overlay-color":"","overlay-opacity":"","overlay-gradient":""}},"ast-content-background-meta":{"desktop":{"background-color":"var(--ast-global-color-5)","background-image":"","background-repeat":"repeat","background-position":"center center","background-size":"auto","background-attachment":"scroll","background-type":"","background-media":"","overlay-type":"","overlay-color":"","overlay-opacity":"","overlay-gradient":""},"tablet":{"background-color":"var(--ast-global-color-5)","background-image":"","background-repeat":"repeat","background-position":"center center","background-size":"auto","background-attachment":"scroll","background-type":"","background-media":"","overlay-type":"","overlay-color":"","overlay-opacity":"","overlay-gradient":""},"mobile":{"background-color":"var(--ast-global-color-5)","background-image":"","background-repeat":"repeat","background-position":"center center","background-size":"auto","background-attachment":"scroll","background-type":"","background-media":"","overlay-type":"","overlay-color":"","overlay-opacity":"","overlay-gradient":""}},"footnotes":""},"class_list":["post-548","page","type-page","status-publish","has-post-thumbnail","hentry"],"yoast_head":"<!-- This site is optimized with the Yoast SEO plugin v23.3 - https:\/\/yoast.com\/wordpress\/plugins\/seo\/ -->\n<title>Avaleht | Gardelux -garderoobid, liuguksed ja eritellimusm\u00f6\u00f6bel<\/title>\n<meta name=\"description\" content=\"Gardelux O\u00dc on ettev\u00f5te, mis tegeleb garderoobide, liuguste ja ka muu eritellimusm\u00f6\u00f6bli projekteerimise, m\u00fc\u00fcgi ja paigaldusega.\" \/>\n<meta name=\"robots\" content=\"index, follow, max-snippet:-1, max-image-preview:large, max-video-preview:-1\" \/>\n<link rel=\"canonical\" href=\"https:\/\/www.gardelux.ee\/en\/avaleht\/\" \/>\n<meta property=\"og:locale\" content=\"en_GB\" \/>\n<meta property=\"og:type\" content=\"article\" \/>\n<meta property=\"og:title\" content=\"Avaleht | Gardelux -garderoobid, liuguksed ja eritellimusm\u00f6\u00f6bel\" \/>\n<meta property=\"og:description\" content=\"Gardelux O\u00dc on ettev\u00f5te, mis tegeleb garderoobide, liuguste ja ka muu eritellimusm\u00f6\u00f6bli projekteerimise, m\u00fc\u00fcgi ja paigaldusega.\" \/>\n<meta property=\"og:url\" content=\"https:\/\/www.gardelux.ee\/en\/avaleht\/\" \/>\n<meta property=\"og:site_name\" content=\"Gardelux\" \/>\n<meta property=\"article:modified_time\" content=\"2024-08-31T12:27:54+00:00\" \/>\n<meta property=\"og:image\" content=\"https:\/\/www.gardelux.ee\/wp-content\/uploads\/2019\/08\/LOGO.jpg\" \/>\n\t<meta property=\"og:image:width\" content=\"1739\" \/>\n\t<meta property=\"og:image:height\" content=\"2120\" \/>\n\t<meta property=\"og:image:type\" content=\"image\/jpeg\" \/>\n<meta name=\"twitter:card\" content=\"summary_large_image\" \/>\n<meta name=\"twitter:label1\" content=\"Estimated reading time\" \/>\n\t<meta name=\"twitter:data1\" content=\"1 minute\" \/>\n<script type=\"application\/ld+json\" class=\"yoast-schema-graph\">{\"@context\":\"https:\/\/schema.org\",\"@graph\":[{\"@type\":\"WebPage\",\"@id\":\"https:\/\/www.gardelux.ee\/avaleht\/\",\"url\":\"https:\/\/www.gardelux.ee\/avaleht\/\",\"name\":\"Avaleht | Gardelux -garderoobid, liuguksed ja eritellimusm\u00f6\u00f6bel\",\"isPartOf\":{\"@id\":\"https:\/\/www.gardelux.ee\/#website\"},\"primaryImageOfPage\":{\"@id\":\"https:\/\/www.gardelux.ee\/avaleht\/#primaryimage\"},\"image\":{\"@id\":\"https:\/\/www.gardelux.ee\/avaleht\/#primaryimage\"},\"thumbnailUrl\":\"https:\/\/www.gardelux.ee\/wp-content\/uploads\/2019\/08\/LOGO.jpg\",\"datePublished\":\"2018-11-27T07:16:54+00:00\",\"dateModified\":\"2024-08-31T12:27:54+00:00\",\"description\":\"Gardelux O\u00dc on ettev\u00f5te, mis tegeleb garderoobide, liuguste ja ka muu eritellimusm\u00f6\u00f6bli projekteerimise, m\u00fc\u00fcgi ja paigaldusega.\",\"breadcrumb\":{\"@id\":\"https:\/\/www.gardelux.ee\/avaleht\/#breadcrumb\"},\"inLanguage\":\"en-GB\",\"potentialAction\":[{\"@type\":\"ReadAction\",\"target\":[\"https:\/\/www.gardelux.ee\/avaleht\/\"]}]},{\"@type\":\"ImageObject\",\"inLanguage\":\"en-GB\",\"@id\":\"https:\/\/www.gardelux.ee\/avaleht\/#primaryimage\",\"url\":\"https:\/\/www.gardelux.ee\/wp-content\/uploads\/2019\/08\/LOGO.jpg\",\"contentUrl\":\"https:\/\/www.gardelux.ee\/wp-content\/uploads\/2019\/08\/LOGO.jpg\",\"width\":1739,\"height\":2120},{\"@type\":\"BreadcrumbList\",\"@id\":\"https:\/\/www.gardelux.ee\/avaleht\/#breadcrumb\",\"itemListElement\":[{\"@type\":\"ListItem\",\"position\":1,\"name\":\"Avaleht\",\"item\":\"https:\/\/www.gardelux.ee\/\"},{\"@type\":\"ListItem\",\"position\":2,\"name\":\"Avaleht\"}]},{\"@type\":\"WebSite\",\"@id\":\"https:\/\/www.gardelux.ee\/#website\",\"url\":\"https:\/\/www.gardelux.ee\/\",\"name\":\"Gardelux\",\"description\":\"\",\"publisher\":{\"@id\":\"https:\/\/www.gardelux.ee\/#organization\"},\"potentialAction\":[{\"@type\":\"SearchAction\",\"target\":{\"@type\":\"EntryPoint\",\"urlTemplate\":\"https:\/\/www.gardelux.ee\/?s={search_term_string}\"},\"query-input\":\"required name=search_term_string\"}],\"inLanguage\":\"en-GB\"},{\"@type\":\"Organization\",\"@id\":\"https:\/\/www.gardelux.ee\/#organization\",\"name\":\"Gardelux O\u00dc\",\"url\":\"https:\/\/www.gardelux.ee\/\",\"logo\":{\"@type\":\"ImageObject\",\"inLanguage\":\"en-GB\",\"@id\":\"https:\/\/www.gardelux.ee\/#\/schema\/logo\/image\/\",\"url\":\"https:\/\/www.gardelux.ee\/wp-content\/uploads\/2019\/08\/LOGO.jpg\",\"contentUrl\":\"https:\/\/www.gardelux.ee\/wp-content\/uploads\/2019\/08\/LOGO.jpg\",\"width\":1739,\"height\":2120,\"caption\":\"Gardelux O\u00dc\"},\"image\":{\"@id\":\"https:\/\/www.gardelux.ee\/#\/schema\/logo\/image\/\"}}]}<\/script>\n<!-- \/ Yoast SEO plugin. -->","yoast_head_json":{"title":"Avaleht | Gardelux -garderoobid, liuguksed ja eritellimusm\u00f6\u00f6bel","description":"Gardelux O\u00dc on ettev\u00f5te, mis tegeleb garderoobide, liuguste ja ka muu eritellimusm\u00f6\u00f6bli projekteerimise, m\u00fc\u00fcgi ja paigaldusega.","robots":{"index":"index","follow":"follow","max-snippet":"max-snippet:-1","max-image-preview":"max-image-preview:large","max-video-preview":"max-video-preview:-1"},"canonical":"https:\/\/www.gardelux.ee\/en\/avaleht\/","og_locale":"en_GB","og_type":"article","og_title":"Avaleht | Gardelux -garderoobid, liuguksed ja eritellimusm\u00f6\u00f6bel","og_description":"Gardelux O\u00dc on ettev\u00f5te, mis tegeleb garderoobide, liuguste ja ka muu eritellimusm\u00f6\u00f6bli projekteerimise, m\u00fc\u00fcgi ja paigaldusega.","og_url":"https:\/\/www.gardelux.ee\/en\/avaleht\/","og_site_name":"Gardelux","article_modified_time":"2024-08-31T12:27:54+00:00","og_image":[{"width":1739,"height":2120,"url":"https:\/\/www.gardelux.ee\/wp-content\/uploads\/2019\/08\/LOGO.jpg","type":"image\/jpeg"}],"twitter_card":"summary_large_image","twitter_misc":{"Estimated reading time":"1 minute"},"schema":{"@context":"https:\/\/schema.org","@graph":[{"@type":"WebPage","@id":"https:\/\/www.gardelux.ee\/avaleht\/","url":"https:\/\/www.gardelux.ee\/avaleht\/","name":"Avaleht | Gardelux -garderoobid, liuguksed ja eritellimusm\u00f6\u00f6bel","isPartOf":{"@id":"https:\/\/www.gardelux.ee\/#website"},"primaryImageOfPage":{"@id":"https:\/\/www.gardelux.ee\/avaleht\/#primaryimage"},"image":{"@id":"https:\/\/www.gardelux.ee\/avaleht\/#primaryimage"},"thumbnailUrl":"https:\/\/www.gardelux.ee\/wp-content\/uploads\/2019\/08\/LOGO.jpg","datePublished":"2018-11-27T07:16:54+00:00","dateModified":"2024-08-31T12:27:54+00:00","description":"Gardelux O\u00dc on ettev\u00f5te, mis tegeleb garderoobide, liuguste ja ka muu eritellimusm\u00f6\u00f6bli projekteerimise, m\u00fc\u00fcgi ja paigaldusega.","breadcrumb":{"@id":"https:\/\/www.gardelux.ee\/avaleht\/#breadcrumb"},"inLanguage":"en-GB","potentialAction":[{"@type":"ReadAction","target":["https:\/\/www.gardelux.ee\/avaleht\/"]}]},{"@type":"ImageObject","inLanguage":"en-GB","@id":"https:\/\/www.gardelux.ee\/avaleht\/#primaryimage","url":"https:\/\/www.gardelux.ee\/wp-content\/uploads\/2019\/08\/LOGO.jpg","contentUrl":"https:\/\/www.gardelux.ee\/wp-content\/uploads\/2019\/08\/LOGO.jpg","width":1739,"height":2120},{"@type":"BreadcrumbList","@id":"https:\/\/www.gardelux.ee\/avaleht\/#breadcrumb","itemListElement":[{"@type":"ListItem","position":1,"name":"Avaleht","item":"https:\/\/www.gardelux.ee\/"},{"@type":"ListItem","position":2,"name":"Avaleht"}]},{"@type":"WebSite","@id":"https:\/\/www.gardelux.ee\/#website","url":"https:\/\/www.gardelux.ee\/","name":"Gardelux","description":"","publisher":{"@id":"https:\/\/www.gardelux.ee\/#organization"},"potentialAction":[{"@type":"SearchAction","target":{"@type":"EntryPoint","urlTemplate":"https:\/\/www.gardelux.ee\/?s={search_term_string}"},"query-input":"required name=search_term_string"}],"inLanguage":"en-GB"},{"@type":"Organization","@id":"https:\/\/www.gardelux.ee\/#organization","name":"Gardelux O\u00dc","url":"https:\/\/www.gardelux.ee\/","logo":{"@type":"ImageObject","inLanguage":"en-GB","@id":"https:\/\/www.gardelux.ee\/#\/schema\/logo\/image\/","url":"https:\/\/www.gardelux.ee\/wp-content\/uploads\/2019\/08\/LOGO.jpg","contentUrl":"https:\/\/www.gardelux.ee\/wp-content\/uploads\/2019\/08\/LOGO.jpg","width":1739,"height":2120,"caption":"Gardelux O\u00dc"},"image":{"@id":"https:\/\/www.gardelux.ee\/#\/schema\/logo\/image\/"}}]}},"_links":{"self":[{"href":"https:\/\/www.gardelux.ee\/en\/wp-json\/wp\/v2\/pages\/548","targetHints":{"allow":["GET"]}}],"collection":[{"href":"https:\/\/www.gardelux.ee\/en\/wp-json\/wp\/v2\/pages"}],"about":[{"href":"https:\/\/www.gardelux.ee\/en\/wp-json\/wp\/v2\/types\/page"}],"author":[{"embeddable":true,"href":"https:\/\/www.gardelux.ee\/en\/wp-json\/wp\/v2\/users\/1"}],"replies":[{"embeddable":true,"href":"https:\/\/www.gardelux.ee\/en\/wp-json\/wp\/v2\/comments?post=548"}],"version-history":[{"count":61,"href":"https:\/\/www.gardelux.ee\/en\/wp-json\/wp\/v2\/pages\/548\/revisions"}],"predecessor-version":[{"id":1251,"href":"https:\/\/www.gardelux.ee\/en\/wp-json\/wp\/v2\/pages\/548\/revisions\/1251"}],"wp:featuredmedia":[{"embeddable":true,"href":"https:\/\/www.gardelux.ee\/en\/wp-json\/wp\/v2\/media\/679"}],"wp:attachment":[{"href":"https:\/\/www.gardelux.ee\/en\/wp-json\/wp\/v2\/media?parent=548"}],"curies":[{"name":"wp","href":"https:\/\/api.w.org\/{rel}","templated":true}]}}